{"id":2081,"date":"2024-07-26T18:15:58","date_gmt":"2024-07-26T16:15:58","guid":{"rendered":"https:\/\/centrotest.roiweb.eu\/controles-de-la-corrosion-sur-les-pipelines-de-methane\/"},"modified":"2024-08-11T16:10:00","modified_gmt":"2024-08-11T14:10:00","slug":"controles-de-la-corrosion-sur-les-pipelines-de-methane","status":"publish","type":"page","link":"https:\/\/centrotest.com\/fr\/controles-de-la-corrosion-sur-les-pipelines-de-methane\/","title":{"rendered":"CONTROLES DE LA CORROSION SUR LES PIPELINES DE METHANE"},"content":{"rendered":"\t\t<div data-elementor-type=\"wp-page\" data-elementor-id=\"2081\" class=\"elementor elementor-2081 elementor-1798\" data-elementor-post-type=\"page\">\n\t\t\t\t<div class=\"elementor-element elementor-element-bd67601 e-flex e-con-boxed e-con e-parent\" data-id=\"bd67601\" data-element_type=\"container\" data-settings=\"{&quot;background_background&quot;:&quot;classic&quot;}\" data-core-v316-plus=\"true\">\n\t\t\t\t\t<div class=\"e-con-inner\">\n\t\t\t\t<div class=\"elementor-element elementor-element-f6e5b0e elementor-widget elementor-widget-breadcrumbs\" data-id=\"f6e5b0e\" data-element_type=\"widget\" data-widget_type=\"breadcrumbs.default\">\n\t\t\t\t<div class=\"elementor-widget-container\">\n\t\t\t<link rel=\"stylesheet\" href=\"https:\/\/centrotest.com\/wp-content\/plugins\/elementor-pro\/assets\/css\/widget-theme-elements.min.css\"><p id=\"breadcrumbs\"><span><span><a href=\"https:\/\/centrotest.com\/\">Home<\/a><\/span><\/span><\/p>\t\t<\/div>\n\t\t\t\t<\/div>\n\t\t\t\t<div class=\"elementor-element elementor-element-33e4610 elementor-widget elementor-widget-heading\" data-id=\"33e4610\" data-element_type=\"widget\" data-widget_type=\"heading.default\">\n\t\t\t\t<div class=\"elementor-widget-container\">\n\t\t\t<style>\/*! elementor - v3.20.0 - 26-03-2024 *\/\n.elementor-heading-title{padding:0;margin:0;line-height:1}.elementor-widget-heading .elementor-heading-title[class*=elementor-size-]>a{color:inherit;font-size:inherit;line-height:inherit}.elementor-widget-heading .elementor-heading-title.elementor-size-small{font-size:15px}.elementor-widget-heading .elementor-heading-title.elementor-size-medium{font-size:19px}.elementor-widget-heading .elementor-heading-title.elementor-size-large{font-size:29px}.elementor-widget-heading .elementor-heading-title.elementor-size-xl{font-size:39px}.elementor-widget-heading .elementor-heading-title.elementor-size-xxl{font-size:59px}<\/style><h1 class=\"elementor-heading-title elementor-size-default\">CONTROLES DE LA CORROSION <br> SUR LES PIPELINES DE METHANE<\/h1>\t\t<\/div>\n\t\t\t\t<\/div>\n\t\t\t\t\t<\/div>\n\t\t\t\t<\/div>\n\t\t\t\t<section class=\"elementor-section elementor-top-section elementor-element elementor-element-7193b7c0 elementor-section-boxed elementor-section-height-default elementor-section-height-default\" data-id=\"7193b7c0\" data-element_type=\"section\" data-settings=\"{&quot;background_background&quot;:&quot;classic&quot;}\">\n\t\t\t\t\t\t<div class=\"elementor-container elementor-column-gap-wide\">\n\t\t\t\t\t<div class=\"elementor-column elementor-col-50 elementor-top-column elementor-element elementor-element-49e10850\" data-id=\"49e10850\" data-element_type=\"column\" data-settings=\"{&quot;background_background&quot;:&quot;classic&quot;}\">\n\t\t\t<div class=\"elementor-widget-wrap elementor-element-populated\">\n\t\t\t\t\t\t<div class=\"elementor-element elementor-element-58b5cca6 elementor-widget elementor-widget-heading\" data-id=\"58b5cca6\" data-element_type=\"widget\" data-widget_type=\"heading.default\">\n\t\t\t\t<div class=\"elementor-widget-container\">\n\t\t\t<h1 class=\"elementor-heading-title elementor-size-default\">Les faits d'actualit\u00e9 r\u00e9cents soulignent l'importance, tant pour les gestionnaires des r\u00e9seaux de distribution de m\u00e9thane que pour les propri\u00e9taires, d'une surveillance diagnostique du niveau de corrosion des pipelines.<\/h1>\t\t<\/div>\n\t\t\t\t<\/div>\n\t\t\t\t\t<\/div>\n\t\t<\/div>\n\t\t\t\t<div class=\"elementor-column elementor-col-50 elementor-top-column elementor-element elementor-element-3d691a8\" data-id=\"3d691a8\" data-element_type=\"column\">\n\t\t\t<div class=\"elementor-widget-wrap elementor-element-populated\">\n\t\t\t\t\t\t<div class=\"elementor-element elementor-element-3440af6 elementor-widget elementor-widget-image\" data-id=\"3440af6\" data-element_type=\"widget\" data-widget_type=\"image.default\">\n\t\t\t\t<div class=\"elementor-widget-container\">\n\t\t\t<style>\/*! elementor - v3.20.0 - 26-03-2024 *\/\n.elementor-widget-image{text-align:center}.elementor-widget-image a{display:inline-block}.elementor-widget-image a img[src$=\".svg\"]{width:48px}.elementor-widget-image img{vertical-align:middle;display:inline-block}<\/style>\t\t\t\t\t\t\t\t\t\t<img fetchpriority=\"high\" decoding=\"async\" width=\"700\" height=\"300\" src=\"https:\/\/centrotest.com\/wp-content\/uploads\/2024\/07\/GAS1.jpg\" class=\"attachment-large size-large wp-image-1801\" alt=\"\" srcset=\"https:\/\/centrotest.com\/wp-content\/uploads\/2024\/07\/GAS1.jpg 700w, https:\/\/centrotest.com\/wp-content\/uploads\/2024\/07\/GAS1-300x129.jpg 300w\" sizes=\"(max-width: 700px) 100vw, 700px\" \/>\t\t\t\t\t\t\t\t\t\t\t\t\t<\/div>\n\t\t\t\t<\/div>\n\t\t\t\t\t<\/div>\n\t\t<\/div>\n\t\t\t\t\t<\/div>\n\t\t<\/section>\n\t\t\t\t<section class=\"elementor-section elementor-top-section elementor-element elementor-element-7a19d25 animated-slow elementor-section-boxed elementor-section-height-default elementor-section-height-default elementor-invisible\" data-id=\"7a19d25\" data-element_type=\"section\" data-settings=\"{&quot;background_background&quot;:&quot;classic&quot;,&quot;animation&quot;:&quot;fadeInUp&quot;}\">\n\t\t\t\t\t\t<div class=\"elementor-container elementor-column-gap-wide\">\n\t\t\t\t\t<div class=\"elementor-column elementor-col-50 elementor-top-column elementor-element elementor-element-f2a435c\" data-id=\"f2a435c\" data-element_type=\"column\">\n\t\t\t<div class=\"elementor-widget-wrap elementor-element-populated\">\n\t\t\t\t\t\t<section class=\"elementor-section elementor-inner-section elementor-element elementor-element-758ab3f elementor-section-boxed elementor-section-height-default elementor-section-height-default\" data-id=\"758ab3f\" data-element_type=\"section\" data-settings=\"{&quot;background_background&quot;:&quot;classic&quot;}\">\n\t\t\t\t\t\t<div class=\"elementor-container elementor-column-gap-default\">\n\t\t\t\t\t<div class=\"elementor-column elementor-col-100 elementor-inner-column elementor-element elementor-element-da13815\" data-id=\"da13815\" data-element_type=\"column\">\n\t\t\t<div class=\"elementor-widget-wrap elementor-element-populated\">\n\t\t\t\t\t\t<div class=\"elementor-element elementor-element-b977292 elementor-widget elementor-widget-text-editor\" data-id=\"b977292\" data-element_type=\"widget\" data-widget_type=\"text-editor.default\">\n\t\t\t\t<div class=\"elementor-widget-container\">\n\t\t\t<style>\/*! elementor - v3.20.0 - 26-03-2024 *\/\n.elementor-widget-text-editor.elementor-drop-cap-view-stacked .elementor-drop-cap{background-color:#69727d;color:#fff}.elementor-widget-text-editor.elementor-drop-cap-view-framed .elementor-drop-cap{color:#69727d;border:3px solid;background-color:transparent}.elementor-widget-text-editor:not(.elementor-drop-cap-view-default) .elementor-drop-cap{margin-top:8px}.elementor-widget-text-editor:not(.elementor-drop-cap-view-default) .elementor-drop-cap-letter{width:1em;height:1em}.elementor-widget-text-editor .elementor-drop-cap{float:left;text-align:center;line-height:1;font-size:50px}.elementor-widget-text-editor .elementor-drop-cap-letter{display:inline-block}<\/style>\t\t\t\t<p>La m\u00e9thode d\u00e9velopp\u00e9e par Centrotest permet de v\u00e9rifier \u00e0 la fois la partie en surface du r\u00e9seau et surtout celle enterr\u00e9e ou encastr\u00e9e dans le b\u00e9ton. En effet, la partie non visible des tuyaux est inaccessible avec les m\u00e9thodes de contr\u00f4le normales et est \u00e9galement plus sujette \u00e0 des fuites \u00e9ventuelles ou \u00e0 des r\u00e9ductions importantes de l&rsquo;\u00e9paisseur du mat\u00e9riau de base. Ces anomalies pourraient entra\u00eener des \u00e9v\u00e9nements catastrophiques particuli\u00e8rement graves.<\/p>\n<p>L&rsquo;exp\u00e9rience de quarante ans de notre entreprise dans le domaine des contr\u00f4les non destructifs, et en particulier dans le suivi de la corrosion, a conduit au d\u00e9veloppement de nouvelles m\u00e9thodologies capables d&rsquo;assister et de soutenir les organismes ou les particuliers ayant besoin de v\u00e9rifier la s\u00e9curit\u00e9 de leurs tuyaux. Ce type de contr\u00f4le est particuli\u00e8rement adapt\u00e9 aux tuyaux install\u00e9s il y a plus de 30 ans, qui ne r\u00e9pondent pas aux normes de s\u00e9curit\u00e9 actuelles et qui peuvent \u00eatre plus susceptibles au ph\u00e9nom\u00e8ne corrosif.<\/p>\n\t\t\t\t\t\t<\/div>\n\t\t\t\t<\/div>\n\t\t\t\t<div class=\"elementor-element elementor-element-41c0190 elementor-widget elementor-widget-text-editor\" data-id=\"41c0190\" data-element_type=\"widget\" data-widget_type=\"text-editor.default\">\n\t\t\t\t<div class=\"elementor-widget-container\">\n\t\t\t\t\t\t\t<p>AVANTAGES<\/p>\n\t\t\t\t\t\t<\/div>\n\t\t\t\t<\/div>\n\t\t\t\t<div class=\"elementor-element elementor-element-92b7f8e elementor-widget elementor-widget-text-editor\" data-id=\"92b7f8e\" data-element_type=\"widget\" data-widget_type=\"text-editor.default\">\n\t\t\t\t<div class=\"elementor-widget-container\">\n\t\t\t\t\t\t\t<ul>\n<li>Contr\u00f4le des pipelines de m\u00e9thane ou d&rsquo;autres gaz instables et explosifs (hydrog\u00e8ne) dans les installations industrielles ;<\/li>\n<li>Contr\u00f4le des pipelines de m\u00e9thane ou d&rsquo;autres gaz instables et explosifs dans les centrales thermiques ;<\/li>\n<li>Contr\u00f4le des pipelines de m\u00e9thane ou d&rsquo;autres gaz instables et explosifs dans les zones inaccessibles ou sous terre ;<\/li>\n<li>Contr\u00f4le des pipelines de m\u00e9thane au sein des r\u00e9seaux de distribution urbains ;<\/li>\n<li>\u00c9videmment, tout type de pipelines en acier peut \u00eatre contr\u00f4l\u00e9.<\/li>\n<\/ul>\n\t\t\t\t\t\t<\/div>\n\t\t\t\t<\/div>\n\t\t\t\t<div class=\"elementor-element elementor-element-a4f49a7 elementor-widget elementor-widget-text-editor\" data-id=\"a4f49a7\" data-element_type=\"widget\" data-widget_type=\"text-editor.default\">\n\t\t\t\t<div class=\"elementor-widget-container\">\n\t\t\t\t\t\t\t<p>CONTR\u00d4LES SUPPL\u00c9MENTAIRES<\/p>\n\t\t\t\t\t\t<\/div>\n\t\t\t\t<\/div>\n\t\t\t\t<div class=\"elementor-element elementor-element-48f3171 elementor-widget elementor-widget-text-editor\" data-id=\"48f3171\" data-element_type=\"widget\" data-widget_type=\"text-editor.default\">\n\t\t\t\t<div class=\"elementor-widget-container\">\n\t\t\t\t\t\t\t<p>Pour approfondir l&rsquo;\u00e9tat du ph\u00e9nom\u00e8ne corrosif ou la pr\u00e9sence d&rsquo;autres anomalies, notre entreprise est \u00e9galement capable de r\u00e9aliser les techniques d&rsquo;investigation traditionnelles, telles que :<\/p>\n<ul>\n<li>Contr\u00f4le de l&rsquo;\u00e9paisseur des pipelines de m\u00e9thane avec la m\u00e9thode d&rsquo;\u00e9paisseur ultrasonore ;<\/li>\n<li>Contr\u00f4le des soudures des pipelines de m\u00e9thane avec les m\u00e9thodes des liquides p\u00e9n\u00e9trants ou des particules magn\u00e9tiques ;<\/li>\n<li>Contr\u00f4le volum\u00e9trique des soudures des pipelines de m\u00e9thane avec les m\u00e9thodes radiographique et ultrasonore.<\/li>\n<\/ul>\n\t\t\t\t\t\t<\/div>\n\t\t\t\t<\/div>\n\t\t\t\t\t<\/div>\n\t\t<\/div>\n\t\t\t\t\t<\/div>\n\t\t<\/section>\n\t\t\t\t\t<\/div>\n\t\t<\/div>\n\t\t\t\t<div class=\"elementor-column elementor-col-50 elementor-top-column elementor-element elementor-element-67c74da\" data-id=\"67c74da\" data-element_type=\"column\">\n\t\t\t<div class=\"elementor-widget-wrap elementor-element-populated\">\n\t\t\t\t<div class=\"elementor-element elementor-element-4bdfbcb e-flex e-con-boxed e-con e-parent\" data-id=\"4bdfbcb\" data-element_type=\"container\" data-core-v316-plus=\"true\">\n\t\t\t\t\t<div class=\"e-con-inner\">\n\t\t\t\t<div class=\"elementor-element elementor-element-b611a95 elementor-widget elementor-widget-image\" data-id=\"b611a95\" data-element_type=\"widget\" data-widget_type=\"image.default\">\n\t\t\t\t<div class=\"elementor-widget-container\">\n\t\t\t\t\t\t\t\t\t\t\t\t\t\t<a href=\"https:\/\/centrotest.com\/wp-content\/uploads\/2024\/07\/gas2.png\" data-elementor-open-lightbox=\"yes\" data-elementor-lightbox-title=\"gas2\" data-e-action-hash=\"#elementor-action%3Aaction%3Dlightbox%26settings%3DeyJpZCI6MTgwNCwidXJsIjoiaHR0cHM6XC9cL2NlbnRyb3Rlc3QuY29tXC93cC1jb250ZW50XC91cGxvYWRzXC8yMDI0XC8wN1wvZ2FzMi5wbmcifQ%3D%3D\">\n\t\t\t\t\t\t\t<img decoding=\"async\" width=\"800\" height=\"800\" src=\"https:\/\/centrotest.com\/wp-content\/uploads\/2024\/07\/gas2.png\" class=\"attachment-large size-large wp-image-1804\" alt=\"\" srcset=\"https:\/\/centrotest.com\/wp-content\/uploads\/2024\/07\/gas2.png 1024w, https:\/\/centrotest.com\/wp-content\/uploads\/2024\/07\/gas2-300x300.png 300w, https:\/\/centrotest.com\/wp-content\/uploads\/2024\/07\/gas2-150x150.png 150w, https:\/\/centrotest.com\/wp-content\/uploads\/2024\/07\/gas2-768x768.png 768w\" sizes=\"(max-width: 800px) 100vw, 800px\" \/>\t\t\t\t\t\t\t\t<\/a>\n\t\t\t\t\t\t\t\t\t\t\t\t\t<\/div>\n\t\t\t\t<\/div>\n\t\t\t\t<div class=\"elementor-element elementor-element-0463145 elementor-widget elementor-widget-image\" data-id=\"0463145\" data-element_type=\"widget\" data-widget_type=\"image.default\">\n\t\t\t\t<div class=\"elementor-widget-container\">\n\t\t\t\t\t\t\t\t\t\t\t\t\t\t<a href=\"https:\/\/centrotest.com\/wp-content\/uploads\/2024\/07\/gas3.png\" data-elementor-open-lightbox=\"yes\" data-elementor-lightbox-title=\"gas3\" data-e-action-hash=\"#elementor-action%3Aaction%3Dlightbox%26settings%3DeyJpZCI6MTgwNywidXJsIjoiaHR0cHM6XC9cL2NlbnRyb3Rlc3QuY29tXC93cC1jb250ZW50XC91cGxvYWRzXC8yMDI0XC8wN1wvZ2FzMy5wbmcifQ%3D%3D\">\n\t\t\t\t\t\t\t<img decoding=\"async\" width=\"800\" height=\"800\" src=\"https:\/\/centrotest.com\/wp-content\/uploads\/2024\/07\/gas3.png\" class=\"attachment-large size-large wp-image-1807\" alt=\"\" srcset=\"https:\/\/centrotest.com\/wp-content\/uploads\/2024\/07\/gas3.png 1024w, https:\/\/centrotest.com\/wp-content\/uploads\/2024\/07\/gas3-300x300.png 300w, https:\/\/centrotest.com\/wp-content\/uploads\/2024\/07\/gas3-150x150.png 150w, https:\/\/centrotest.com\/wp-content\/uploads\/2024\/07\/gas3-768x768.png 768w\" sizes=\"(max-width: 800px) 100vw, 800px\" \/>\t\t\t\t\t\t\t\t<\/a>\n\t\t\t\t\t\t\t\t\t\t\t\t\t<\/div>\n\t\t\t\t<\/div>\n\t\t\t\t\t<\/div>\n\t\t\t\t<\/div>\n\t\t\t\t\t<\/div>\n\t\t<\/div>\n\t\t\t\t\t<\/div>\n\t\t<\/section>\n\t\t\t\t<\/div>\n\t\t","protected":false},"excerpt":{"rendered":"<p>CONTROLES DE LA CORROSION SUR LES PIPELINES DE METHANE Les faits d&rsquo;actualit\u00e9 r\u00e9cents soulignent l&rsquo;importance, tant pour les gestionnaires des r\u00e9seaux de distribution de m\u00e9thane que pour les propri\u00e9taires, d&rsquo;une surveillance diagnostique du niveau de corrosion des pipelines. La m\u00e9thode d\u00e9velopp\u00e9e par Centrotest permet de v\u00e9rifier \u00e0 la fois la partie en surface du r\u00e9seau [&hellip;]<\/p>\n","protected":false},"author":2,"featured_media":0,"parent":0,"menu_order":0,"comment_status":"closed","ping_status":"closed","template":"elementor_header_footer","meta":{"footnotes":""},"class_list":["post-2081","page","type-page","status-publish","hentry"],"yoast_head":"<!-- This site is optimized with the Yoast SEO plugin v22.2 - https:\/\/yoast.com\/wordpress\/plugins\/seo\/ -->\n<title>CONTROLES DE LA CORROSION SUR LES PIPELINES DE METHANE - CENTROTEST Terni<\/title>\n<meta name=\"robots\" content=\"index, follow, max-snippet:-1, max-image-preview:large, max-video-preview:-1\" \/>\n<link rel=\"canonical\" href=\"https:\/\/centrotest.com\/controlli-della-corrosione-su-tubazioni-metano\/\" \/>\n<meta property=\"og:locale\" content=\"fr_FR\" \/>\n<meta property=\"og:type\" content=\"article\" \/>\n<meta property=\"og:title\" content=\"CONTROLES DE LA CORROSION SUR LES PIPELINES DE METHANE - CENTROTEST Terni\" \/>\n<meta property=\"og:description\" content=\"CONTROLES DE LA CORROSION SUR LES PIPELINES DE METHANE Les faits d&rsquo;actualit\u00e9 r\u00e9cents soulignent l&rsquo;importance, tant pour les gestionnaires des r\u00e9seaux de distribution de m\u00e9thane que pour les propri\u00e9taires, d&rsquo;une surveillance diagnostique du niveau de corrosion des pipelines. La m\u00e9thode d\u00e9velopp\u00e9e par Centrotest permet de v\u00e9rifier \u00e0 la fois la partie en surface du r\u00e9seau [&hellip;]\" \/>\n<meta property=\"og:url\" content=\"https:\/\/centrotest.com\/controlli-della-corrosione-su-tubazioni-metano\/\" \/>\n<meta property=\"og:site_name\" content=\"CENTROTEST Terni\" \/>\n<meta property=\"article:modified_time\" content=\"2024-08-11T14:10:00+00:00\" \/>\n<meta property=\"og:image\" content=\"https:\/\/centrotest.com\/wp-content\/uploads\/2024\/07\/GAS1.jpg\" \/>\n<meta name=\"twitter:card\" content=\"summary_large_image\" \/>\n<meta name=\"twitter:label1\" content=\"Dur\u00e9e de lecture estim\u00e9e\" \/>\n\t<meta name=\"twitter:data1\" content=\"2 minutes\" \/>\n<script type=\"application\/ld+json\" class=\"yoast-schema-graph\">{\"@context\":\"https:\/\/schema.org\",\"@graph\":[{\"@type\":\"WebPage\",\"@id\":\"https:\/\/centrotest.com\/controlli-della-corrosione-su-tubazioni-metano\/\",\"url\":\"https:\/\/centrotest.com\/controlli-della-corrosione-su-tubazioni-metano\/\",\"name\":\"CONTROLES DE LA CORROSION SUR LES PIPELINES DE METHANE - CENTROTEST Terni\",\"isPartOf\":{\"@id\":\"https:\/\/centrotest.com\/#website\"},\"primaryImageOfPage\":{\"@id\":\"https:\/\/centrotest.com\/controlli-della-corrosione-su-tubazioni-metano\/#primaryimage\"},\"image\":{\"@id\":\"https:\/\/centrotest.com\/controlli-della-corrosione-su-tubazioni-metano\/#primaryimage\"},\"thumbnailUrl\":\"https:\/\/centrotest.com\/wp-content\/uploads\/2024\/07\/GAS1.jpg\",\"datePublished\":\"2024-07-26T16:15:58+00:00\",\"dateModified\":\"2024-08-11T14:10:00+00:00\",\"breadcrumb\":{\"@id\":\"https:\/\/centrotest.com\/controlli-della-corrosione-su-tubazioni-metano\/#breadcrumb\"},\"inLanguage\":\"fr-FR\",\"potentialAction\":[{\"@type\":\"ReadAction\",\"target\":[\"https:\/\/centrotest.com\/controlli-della-corrosione-su-tubazioni-metano\/\"]}]},{\"@type\":\"ImageObject\",\"inLanguage\":\"fr-FR\",\"@id\":\"https:\/\/centrotest.com\/controlli-della-corrosione-su-tubazioni-metano\/#primaryimage\",\"url\":\"https:\/\/centrotest.com\/wp-content\/uploads\/2024\/07\/GAS1.jpg\",\"contentUrl\":\"https:\/\/centrotest.com\/wp-content\/uploads\/2024\/07\/GAS1.jpg\",\"width\":700,\"height\":300},{\"@type\":\"BreadcrumbList\",\"@id\":\"https:\/\/centrotest.com\/controlli-della-corrosione-su-tubazioni-metano\/#breadcrumb\",\"itemListElement\":[{\"@type\":\"ListItem\",\"position\":1,\"name\":\"Home\",\"item\":\"https:\/\/centrotest.com\/\"},{\"@type\":\"ListItem\",\"position\":2,\"name\":\"CONTROLES DE LA CORROSION SUR LES PIPELINES DE METHANE\"}]},{\"@type\":\"WebSite\",\"@id\":\"https:\/\/centrotest.com\/#website\",\"url\":\"https:\/\/centrotest.com\/\",\"name\":\"CENTROTEST Terni\",\"description\":\"controlli non distruttivi e dimensionali in tutta italia\",\"publisher\":{\"@id\":\"https:\/\/centrotest.com\/#organization\"},\"potentialAction\":[{\"@type\":\"SearchAction\",\"target\":{\"@type\":\"EntryPoint\",\"urlTemplate\":\"https:\/\/centrotest.com\/?s={search_term_string}\"},\"query-input\":\"required name=search_term_string\"}],\"inLanguage\":\"fr-FR\"},{\"@type\":\"Organization\",\"@id\":\"https:\/\/centrotest.com\/#organization\",\"name\":\"CENTROTEST Terni\",\"url\":\"https:\/\/centrotest.com\/\",\"logo\":{\"@type\":\"ImageObject\",\"inLanguage\":\"fr-FR\",\"@id\":\"https:\/\/centrotest.com\/#\/schema\/logo\/image\/\",\"url\":\"https:\/\/centrotest.com\/wp-content\/uploads\/2024\/03\/LOGO-BIANCO-1.png\",\"contentUrl\":\"https:\/\/centrotest.com\/wp-content\/uploads\/2024\/03\/LOGO-BIANCO-1.png\",\"width\":1006,\"height\":206,\"caption\":\"CENTROTEST Terni\"},\"image\":{\"@id\":\"https:\/\/centrotest.com\/#\/schema\/logo\/image\/\"}}]}<\/script>\n<!-- \/ Yoast SEO plugin. -->","yoast_head_json":{"title":"CONTROLES DE LA CORROSION SUR LES PIPELINES DE METHANE - CENTROTEST Terni","robots":{"index":"index","follow":"follow","max-snippet":"max-snippet:-1","max-image-preview":"max-image-preview:large","max-video-preview":"max-video-preview:-1"},"canonical":"https:\/\/centrotest.com\/controlli-della-corrosione-su-tubazioni-metano\/","og_locale":"fr_FR","og_type":"article","og_title":"CONTROLES DE LA CORROSION SUR LES PIPELINES DE METHANE - CENTROTEST Terni","og_description":"CONTROLES DE LA CORROSION SUR LES PIPELINES DE METHANE Les faits d&rsquo;actualit\u00e9 r\u00e9cents soulignent l&rsquo;importance, tant pour les gestionnaires des r\u00e9seaux de distribution de m\u00e9thane que pour les propri\u00e9taires, d&rsquo;une surveillance diagnostique du niveau de corrosion des pipelines. La m\u00e9thode d\u00e9velopp\u00e9e par Centrotest permet de v\u00e9rifier \u00e0 la fois la partie en surface du r\u00e9seau [&hellip;]","og_url":"https:\/\/centrotest.com\/controlli-della-corrosione-su-tubazioni-metano\/","og_site_name":"CENTROTEST Terni","article_modified_time":"2024-08-11T14:10:00+00:00","og_image":[{"url":"https:\/\/centrotest.com\/wp-content\/uploads\/2024\/07\/GAS1.jpg"}],"twitter_card":"summary_large_image","twitter_misc":{"Dur\u00e9e de lecture estim\u00e9e":"2 minutes"},"schema":{"@context":"https:\/\/schema.org","@graph":[{"@type":"WebPage","@id":"https:\/\/centrotest.com\/controlli-della-corrosione-su-tubazioni-metano\/","url":"https:\/\/centrotest.com\/controlli-della-corrosione-su-tubazioni-metano\/","name":"CONTROLES DE LA CORROSION SUR LES PIPELINES DE METHANE - CENTROTEST Terni","isPartOf":{"@id":"https:\/\/centrotest.com\/#website"},"primaryImageOfPage":{"@id":"https:\/\/centrotest.com\/controlli-della-corrosione-su-tubazioni-metano\/#primaryimage"},"image":{"@id":"https:\/\/centrotest.com\/controlli-della-corrosione-su-tubazioni-metano\/#primaryimage"},"thumbnailUrl":"https:\/\/centrotest.com\/wp-content\/uploads\/2024\/07\/GAS1.jpg","datePublished":"2024-07-26T16:15:58+00:00","dateModified":"2024-08-11T14:10:00+00:00","breadcrumb":{"@id":"https:\/\/centrotest.com\/controlli-della-corrosione-su-tubazioni-metano\/#breadcrumb"},"inLanguage":"fr-FR","potentialAction":[{"@type":"ReadAction","target":["https:\/\/centrotest.com\/controlli-della-corrosione-su-tubazioni-metano\/"]}]},{"@type":"ImageObject","inLanguage":"fr-FR","@id":"https:\/\/centrotest.com\/controlli-della-corrosione-su-tubazioni-metano\/#primaryimage","url":"https:\/\/centrotest.com\/wp-content\/uploads\/2024\/07\/GAS1.jpg","contentUrl":"https:\/\/centrotest.com\/wp-content\/uploads\/2024\/07\/GAS1.jpg","width":700,"height":300},{"@type":"BreadcrumbList","@id":"https:\/\/centrotest.com\/controlli-della-corrosione-su-tubazioni-metano\/#breadcrumb","itemListElement":[{"@type":"ListItem","position":1,"name":"Home","item":"https:\/\/centrotest.com\/"},{"@type":"ListItem","position":2,"name":"CONTROLES DE LA CORROSION SUR LES PIPELINES DE METHANE"}]},{"@type":"WebSite","@id":"https:\/\/centrotest.com\/#website","url":"https:\/\/centrotest.com\/","name":"CENTROTEST Terni","description":"controlli non distruttivi e dimensionali in tutta italia","publisher":{"@id":"https:\/\/centrotest.com\/#organization"},"potentialAction":[{"@type":"SearchAction","target":{"@type":"EntryPoint","urlTemplate":"https:\/\/centrotest.com\/?s={search_term_string}"},"query-input":"required name=search_term_string"}],"inLanguage":"fr-FR"},{"@type":"Organization","@id":"https:\/\/centrotest.com\/#organization","name":"CENTROTEST Terni","url":"https:\/\/centrotest.com\/","logo":{"@type":"ImageObject","inLanguage":"fr-FR","@id":"https:\/\/centrotest.com\/#\/schema\/logo\/image\/","url":"https:\/\/centrotest.com\/wp-content\/uploads\/2024\/03\/LOGO-BIANCO-1.png","contentUrl":"https:\/\/centrotest.com\/wp-content\/uploads\/2024\/03\/LOGO-BIANCO-1.png","width":1006,"height":206,"caption":"CENTROTEST Terni"},"image":{"@id":"https:\/\/centrotest.com\/#\/schema\/logo\/image\/"}}]}},"_links":{"self":[{"href":"https:\/\/centrotest.com\/fr\/wp-json\/wp\/v2\/pages\/2081","targetHints":{"allow":["GET"]}}],"collection":[{"href":"https:\/\/centrotest.com\/fr\/wp-json\/wp\/v2\/pages"}],"about":[{"href":"https:\/\/centrotest.com\/fr\/wp-json\/wp\/v2\/types\/page"}],"author":[{"embeddable":true,"href":"https:\/\/centrotest.com\/fr\/wp-json\/wp\/v2\/users\/2"}],"replies":[{"embeddable":true,"href":"https:\/\/centrotest.com\/fr\/wp-json\/wp\/v2\/comments?post=2081"}],"version-history":[{"count":1,"href":"https:\/\/centrotest.com\/fr\/wp-json\/wp\/v2\/pages\/2081\/revisions"}],"predecessor-version":[{"id":2082,"href":"https:\/\/centrotest.com\/fr\/wp-json\/wp\/v2\/pages\/2081\/revisions\/2082"}],"wp:attachment":[{"href":"https:\/\/centrotest.com\/fr\/wp-json\/wp\/v2\/media?parent=2081"}],"curies":[{"name":"wp","href":"https:\/\/api.w.org\/{rel}","templated":true}]}}