{"id":2077,"date":"2024-07-08T17:54:33","date_gmt":"2024-07-08T15:54:33","guid":{"rendered":"https:\/\/centrotest.roiweb.eu\/certifications-et-qualifications-en-entreprise\/"},"modified":"2024-08-11T16:04:21","modified_gmt":"2024-08-11T14:04:21","slug":"certifications-et-qualifications-en-entreprise","status":"publish","type":"page","link":"https:\/\/centrotest.com\/fr\/certifications-et-qualifications-en-entreprise\/","title":{"rendered":"Certifications et qualifications en entreprise"},"content":{"rendered":"\t\t<div data-elementor-type=\"wp-page\" data-elementor-id=\"2077\" class=\"elementor elementor-2077 elementor-1027\" data-elementor-post-type=\"page\">\n\t\t\t\t<div class=\"elementor-element elementor-element-bd67601 e-flex e-con-boxed e-con e-parent\" data-id=\"bd67601\" data-element_type=\"container\" data-settings=\"{&quot;background_background&quot;:&quot;classic&quot;}\" data-core-v316-plus=\"true\">\n\t\t\t\t\t<div class=\"e-con-inner\">\n\t\t\t\t<div class=\"elementor-element elementor-element-f6e5b0e elementor-widget elementor-widget-breadcrumbs\" data-id=\"f6e5b0e\" data-element_type=\"widget\" data-widget_type=\"breadcrumbs.default\">\n\t\t\t\t<div class=\"elementor-widget-container\">\n\t\t\t<link rel=\"stylesheet\" href=\"https:\/\/centrotest.com\/wp-content\/plugins\/elementor-pro\/assets\/css\/widget-theme-elements.min.css\"><p id=\"breadcrumbs\"><span><span><a href=\"https:\/\/centrotest.com\/\">Home<\/a><\/span><\/span><\/p>\t\t<\/div>\n\t\t\t\t<\/div>\n\t\t\t\t<div class=\"elementor-element elementor-element-33e4610 elementor-widget elementor-widget-heading\" data-id=\"33e4610\" data-element_type=\"widget\" data-widget_type=\"heading.default\">\n\t\t\t\t<div class=\"elementor-widget-container\">\n\t\t\t<style>\/*! elementor - v3.20.0 - 26-03-2024 *\/\n.elementor-heading-title{padding:0;margin:0;line-height:1}.elementor-widget-heading .elementor-heading-title[class*=elementor-size-]>a{color:inherit;font-size:inherit;line-height:inherit}.elementor-widget-heading .elementor-heading-title.elementor-size-small{font-size:15px}.elementor-widget-heading .elementor-heading-title.elementor-size-medium{font-size:19px}.elementor-widget-heading .elementor-heading-title.elementor-size-large{font-size:29px}.elementor-widget-heading .elementor-heading-title.elementor-size-xl{font-size:39px}.elementor-widget-heading .elementor-heading-title.elementor-size-xxl{font-size:59px}<\/style><h1 class=\"elementor-heading-title elementor-size-default\">Certifications et qualifications en entreprise<\/h1>\t\t<\/div>\n\t\t\t\t<\/div>\n\t\t\t\t<div class=\"elementor-element elementor-element-e3dc9bb elementor-widget elementor-widget-text-editor\" data-id=\"e3dc9bb\" data-element_type=\"widget\" data-widget_type=\"text-editor.default\">\n\t\t\t\t<div class=\"elementor-widget-container\">\n\t\t\t<style>\/*! elementor - v3.20.0 - 26-03-2024 *\/\n.elementor-widget-text-editor.elementor-drop-cap-view-stacked .elementor-drop-cap{background-color:#69727d;color:#fff}.elementor-widget-text-editor.elementor-drop-cap-view-framed .elementor-drop-cap{color:#69727d;border:3px solid;background-color:transparent}.elementor-widget-text-editor:not(.elementor-drop-cap-view-default) .elementor-drop-cap{margin-top:8px}.elementor-widget-text-editor:not(.elementor-drop-cap-view-default) .elementor-drop-cap-letter{width:1em;height:1em}.elementor-widget-text-editor .elementor-drop-cap{float:left;text-align:center;line-height:1;font-size:50px}.elementor-widget-text-editor .elementor-drop-cap-letter{display:inline-block}<\/style>\t\t\t\t<p>Centrotest Srl op\u00e8re avec un personnel hautement qualifi\u00e9 qui r\u00e9pond aux exigences suivantes:<\/p>\n\t\t\t\t\t\t<\/div>\n\t\t\t\t<\/div>\n\t\t\t\t\t<\/div>\n\t\t\t\t<\/div>\n\t\t\t\t<section class=\"elementor-section elementor-top-section elementor-element elementor-element-6f674d91 animated-slow elementor-section-boxed elementor-section-height-default elementor-section-height-default elementor-invisible\" data-id=\"6f674d91\" data-element_type=\"section\" data-settings=\"{&quot;background_background&quot;:&quot;classic&quot;,&quot;animation&quot;:&quot;fadeInUp&quot;}\">\n\t\t\t\t\t\t<div class=\"elementor-container elementor-column-gap-wide\">\n\t\t\t\t\t<div class=\"elementor-column elementor-col-33 elementor-top-column elementor-element elementor-element-5f08f227\" data-id=\"5f08f227\" data-element_type=\"column\">\n\t\t\t<div class=\"elementor-widget-wrap elementor-element-populated\">\n\t\t\t\t\t\t<div class=\"elementor-element elementor-element-1b24aa8 elementor-widget elementor-widget-text-editor\" data-id=\"1b24aa8\" data-element_type=\"widget\" data-widget_type=\"text-editor.default\">\n\t\t\t\t<div class=\"elementor-widget-container\">\n\t\t\t\t\t\t\t<p>N\u00b0 <strong>6 techniciens avec certification niveau II<\/strong> ISO9712 et ASNT TC1A pour les m\u00e9thodes suivantes:<\/p>\n<ul class=\"certifications\">\n<li>Visuelle (VT)<\/li>\n<li>Ultrasonique (UT)<\/li>\n<li>Particule magn\u00e9tique (MT)<\/li>\n<li>P\u00e9n\u00e9trant liquide (PT)<\/li>\n<li>Radiographique (RT)<\/li>\n<\/ul>\n\t\t\t\t\t\t<\/div>\n\t\t\t\t<\/div>\n\t\t\t\t\t<\/div>\n\t\t<\/div>\n\t\t\t\t<div class=\"elementor-column elementor-col-33 elementor-top-column elementor-element elementor-element-112b37d9\" data-id=\"112b37d9\" data-element_type=\"column\" data-settings=\"{&quot;background_background&quot;:&quot;classic&quot;}\">\n\t\t\t<div class=\"elementor-widget-wrap elementor-element-populated\">\n\t\t\t\t\t\t<div class=\"elementor-element elementor-element-0d9c272 elementor-widget elementor-widget-text-editor\" data-id=\"0d9c272\" data-element_type=\"widget\" data-widget_type=\"text-editor.default\">\n\t\t\t\t<div class=\"elementor-widget-container\">\n\t\t\t\t\t\t\t<p>N\u00b0 <strong>2 techniciens certifi\u00e9s Niveau III<\/strong> ISO9712 et ASNT TC1A pour les m\u00e9thodes suivantes:<\/p>\n<ul class=\"certifications\">\n<li>Visuel (VT)<\/li>\n<li>Ultrasonique (UT)<\/li>\n<li>Particule magn\u00e9tique (MT)<\/li>\n<li>P\u00e9n\u00e9trant liquide (PT)<\/li>\n<li>Radiographique (RT)<\/li>\n<\/ul>\n\t\t\t\t\t\t<\/div>\n\t\t\t\t<\/div>\n\t\t\t\t\t<\/div>\n\t\t<\/div>\n\t\t\t\t<div class=\"elementor-column elementor-col-33 elementor-top-column elementor-element elementor-element-3eedbf5c\" data-id=\"3eedbf5c\" data-element_type=\"column\">\n\t\t\t<div class=\"elementor-widget-wrap elementor-element-populated\">\n\t\t\t\t\t\t<div class=\"elementor-element elementor-element-4af9ad1 elementor-widget elementor-widget-text-editor\" data-id=\"4af9ad1\" data-element_type=\"widget\" data-widget_type=\"text-editor.default\">\n\t\t\t\t<div class=\"elementor-widget-container\">\n\t\t\t\t\t\t\t<p>Non. <strong>3 techniciens avec certification de niveau III<\/strong> UIC 960 pour le secteur ferroviaire<\/p>\n<p>Non. <strong>2 techniciens avec certification de niveau III<\/strong> pour PED 97\/23\/CE<\/p>\n<p>Non. <strong>1 technicien avec certification de niveau III<\/strong> pour les traitements thermiques massifs (TTM), traitement thermique et thermochimique de surface (TTS)<\/p>\n\t\t\t\t\t\t<\/div>\n\t\t\t\t<\/div>\n\t\t\t\t\t<\/div>\n\t\t<\/div>\n\t\t\t\t\t<\/div>\n\t\t<\/section>\n\t\t\t\t<section class=\"elementor-section elementor-top-section elementor-element elementor-element-fc86115 animated-slow elementor-section-boxed elementor-section-height-default elementor-section-height-default elementor-invisible\" data-id=\"fc86115\" data-element_type=\"section\" data-settings=\"{&quot;background_background&quot;:&quot;classic&quot;,&quot;animation&quot;:&quot;fadeInUp&quot;}\">\n\t\t\t\t\t\t<div class=\"elementor-container elementor-column-gap-wide\">\n\t\t\t\t\t<div class=\"elementor-column elementor-col-33 elementor-top-column elementor-element elementor-element-93c4147\" data-id=\"93c4147\" data-element_type=\"column\">\n\t\t\t<div class=\"elementor-widget-wrap elementor-element-populated\">\n\t\t\t\t\t\t<div class=\"elementor-element elementor-element-240c389 elementor-widget elementor-widget-text-editor\" data-id=\"240c389\" data-element_type=\"widget\" data-widget_type=\"text-editor.default\">\n\t\t\t\t<div class=\"elementor-widget-container\">\n\t\t\t\t\t\t\t<p>Non. <strong>4 op\u00e9rateurs RT<\/strong> avec<strong> autorisation ADR<\/strong> pour le transport de sources radiog\u00e9niques<\/p>\n<p>Non. <strong>2 techniciens de Niveau III<\/strong> pour les essais schl\u00e9rom\u00e9triques et les essais ultrasonores sur b\u00e9ton<\/p>\n\t\t\t\t\t\t<\/div>\n\t\t\t\t<\/div>\n\t\t\t\t\t<\/div>\n\t\t<\/div>\n\t\t\t\t<div class=\"elementor-column elementor-col-33 elementor-top-column elementor-element elementor-element-3925e91\" data-id=\"3925e91\" data-element_type=\"column\" data-settings=\"{&quot;background_background&quot;:&quot;classic&quot;}\">\n\t\t\t<div class=\"elementor-widget-wrap elementor-element-populated\">\n\t\t\t\t\t\t<div class=\"elementor-element elementor-element-2a9a326 elementor-widget elementor-widget-text-editor\" data-id=\"2a9a326\" data-element_type=\"widget\" data-widget_type=\"text-editor.default\">\n\t\t\t\t<div class=\"elementor-widget-container\">\n\t\t\t\t\t\t\t<p>Non. <strong>2 techniciens avec qualification de Niveau II<\/strong> EN4179 pour les m\u00e9thodes suivantes :<\/p>\n<ul>\n<li>Contr\u00f4le par particules magn\u00e9tiques (MT)<\/li>\n<li>Contr\u00f4le radiographique (RT)<\/li>\n<\/ul>\n\t\t\t\t\t\t<\/div>\n\t\t\t\t<\/div>\n\t\t\t\t\t<\/div>\n\t\t<\/div>\n\t\t\t\t<div class=\"elementor-column elementor-col-33 elementor-top-column elementor-element elementor-element-28a30e7\" data-id=\"28a30e7\" data-element_type=\"column\">\n\t\t\t<div class=\"elementor-widget-wrap elementor-element-populated\">\n\t\t\t\t\t\t<div class=\"elementor-element elementor-element-480c2e9 elementor-widget elementor-widget-text-editor\" data-id=\"480c2e9\" data-element_type=\"widget\" data-widget_type=\"text-editor.default\">\n\t\t\t\t<div class=\"elementor-widget-container\">\n\t\t\t\t\t\t\t<p>Le <strong>syst\u00e8me de gestion de la qualit\u00e9<\/strong> de notre entreprise est approuv\u00e9 selon les normes ISO suivantes:<\/p>\n<ul>\n<li><strong>ISO 9001:2008<\/strong><\/li>\n<li><strong>ISO 14001:2004<\/strong><\/li>\n<li><strong>OHSAS 18001:2007<\/strong><\/li>\n<\/ul>\n\t\t\t\t\t\t<\/div>\n\t\t\t\t<\/div>\n\t\t\t\t\t<\/div>\n\t\t<\/div>\n\t\t\t\t\t<\/div>\n\t\t<\/section>\n\t\t\t\t<section class=\"elementor-section elementor-top-section elementor-element elementor-element-11206e0 animated-slow elementor-section-boxed elementor-section-height-default elementor-section-height-default elementor-invisible\" data-id=\"11206e0\" data-element_type=\"section\" data-settings=\"{&quot;background_background&quot;:&quot;classic&quot;,&quot;animation&quot;:&quot;fadeInUp&quot;}\">\n\t\t\t\t\t\t<div class=\"elementor-container elementor-column-gap-wide\">\n\t\t\t\t\t<div class=\"elementor-column elementor-col-100 elementor-top-column elementor-element elementor-element-3aad645\" data-id=\"3aad645\" data-element_type=\"column\">\n\t\t\t<div class=\"elementor-widget-wrap elementor-element-populated\">\n\t\t\t\t\t\t<div class=\"elementor-element elementor-element-513ad76 elementor-widget elementor-widget-image\" data-id=\"513ad76\" data-element_type=\"widget\" data-widget_type=\"image.default\">\n\t\t\t\t<div class=\"elementor-widget-container\">\n\t\t\t<style>\/*! elementor - v3.20.0 - 26-03-2024 *\/\n.elementor-widget-image{text-align:center}.elementor-widget-image a{display:inline-block}.elementor-widget-image a img[src$=\".svg\"]{width:48px}.elementor-widget-image img{vertical-align:middle;display:inline-block}<\/style>\t\t\t\t\t\t\t\t\t\t<img fetchpriority=\"high\" decoding=\"async\" width=\"792\" height=\"612\" src=\"https:\/\/centrotest.com\/wp-content\/uploads\/2024\/03\/b-europa-centrotest.jpeg\" class=\"attachment-large size-large wp-image-212\" alt=\"\" srcset=\"https:\/\/centrotest.com\/wp-content\/uploads\/2024\/03\/b-europa-centrotest.jpeg 792w, https:\/\/centrotest.com\/wp-content\/uploads\/2024\/03\/b-europa-centrotest-300x232.jpeg 300w, https:\/\/centrotest.com\/wp-content\/uploads\/2024\/03\/b-europa-centrotest-768x593.jpeg 768w\" sizes=\"(max-width: 792px) 100vw, 792px\" \/>\t\t\t\t\t\t\t\t\t\t\t\t\t<\/div>\n\t\t\t\t<\/div>\n\t\t\t\t\t<\/div>\n\t\t<\/div>\n\t\t\t\t\t<\/div>\n\t\t<\/section>\n\t\t\t\t<\/div>\n\t\t","protected":false},"excerpt":{"rendered":"<p>Certifications et qualifications en entreprise Centrotest Srl op\u00e8re avec un personnel hautement qualifi\u00e9 qui r\u00e9pond aux exigences suivantes: N\u00b0 6 techniciens avec certification niveau II ISO9712 et ASNT TC1A pour les m\u00e9thodes suivantes: Visuelle (VT) Ultrasonique (UT) Particule magn\u00e9tique (MT) P\u00e9n\u00e9trant liquide (PT) Radiographique (RT) N\u00b0 2 techniciens certifi\u00e9s Niveau III ISO9712 et ASNT TC1A [&hellip;]<\/p>\n","protected":false},"author":2,"featured_media":0,"parent":0,"menu_order":0,"comment_status":"closed","ping_status":"closed","template":"elementor_header_footer","meta":{"footnotes":""},"class_list":["post-2077","page","type-page","status-publish","hentry"],"yoast_head":"<!-- This site is optimized with the Yoast SEO plugin v22.2 - https:\/\/yoast.com\/wordpress\/plugins\/seo\/ -->\n<title>Certifications et qualifications en entreprise - CENTROTEST Terni<\/title>\n<meta name=\"robots\" content=\"index, follow, max-snippet:-1, max-image-preview:large, max-video-preview:-1\" \/>\n<link rel=\"canonical\" href=\"https:\/\/centrotest.com\/certificazioni-e-qualifiche\/\" \/>\n<meta property=\"og:locale\" content=\"fr_FR\" \/>\n<meta property=\"og:type\" content=\"article\" \/>\n<meta property=\"og:title\" content=\"Certifications et qualifications en entreprise - CENTROTEST Terni\" \/>\n<meta property=\"og:description\" content=\"Certifications et qualifications en entreprise Centrotest Srl op\u00e8re avec un personnel hautement qualifi\u00e9 qui r\u00e9pond aux exigences suivantes: N\u00b0 6 techniciens avec certification niveau II ISO9712 et ASNT TC1A pour les m\u00e9thodes suivantes: Visuelle (VT) Ultrasonique (UT) Particule magn\u00e9tique (MT) P\u00e9n\u00e9trant liquide (PT) Radiographique (RT) N\u00b0 2 techniciens certifi\u00e9s Niveau III ISO9712 et ASNT TC1A [&hellip;]\" \/>\n<meta property=\"og:url\" content=\"https:\/\/centrotest.com\/certificazioni-e-qualifiche\/\" \/>\n<meta property=\"og:site_name\" content=\"CENTROTEST Terni\" \/>\n<meta property=\"article:modified_time\" content=\"2024-08-11T14:04:21+00:00\" \/>\n<meta property=\"og:image\" content=\"https:\/\/centrotest.com\/wp-content\/uploads\/2024\/03\/b-europa-centrotest.jpeg\" \/>\n<meta name=\"twitter:card\" content=\"summary_large_image\" \/>\n<meta name=\"twitter:label1\" content=\"Dur\u00e9e de lecture estim\u00e9e\" \/>\n\t<meta name=\"twitter:data1\" content=\"1 minute\" \/>\n<script type=\"application\/ld+json\" class=\"yoast-schema-graph\">{\"@context\":\"https:\/\/schema.org\",\"@graph\":[{\"@type\":\"WebPage\",\"@id\":\"https:\/\/centrotest.com\/certificazioni-e-qualifiche\/\",\"url\":\"https:\/\/centrotest.com\/certificazioni-e-qualifiche\/\",\"name\":\"Certifications et qualifications en entreprise - CENTROTEST Terni\",\"isPartOf\":{\"@id\":\"https:\/\/centrotest.com\/#website\"},\"primaryImageOfPage\":{\"@id\":\"https:\/\/centrotest.com\/certificazioni-e-qualifiche\/#primaryimage\"},\"image\":{\"@id\":\"https:\/\/centrotest.com\/certificazioni-e-qualifiche\/#primaryimage\"},\"thumbnailUrl\":\"https:\/\/centrotest.com\/wp-content\/uploads\/2024\/03\/b-europa-centrotest.jpeg\",\"datePublished\":\"2024-07-08T15:54:33+00:00\",\"dateModified\":\"2024-08-11T14:04:21+00:00\",\"breadcrumb\":{\"@id\":\"https:\/\/centrotest.com\/certificazioni-e-qualifiche\/#breadcrumb\"},\"inLanguage\":\"fr-FR\",\"potentialAction\":[{\"@type\":\"ReadAction\",\"target\":[\"https:\/\/centrotest.com\/certificazioni-e-qualifiche\/\"]}]},{\"@type\":\"ImageObject\",\"inLanguage\":\"fr-FR\",\"@id\":\"https:\/\/centrotest.com\/certificazioni-e-qualifiche\/#primaryimage\",\"url\":\"https:\/\/centrotest.com\/wp-content\/uploads\/2024\/03\/b-europa-centrotest.jpeg\",\"contentUrl\":\"https:\/\/centrotest.com\/wp-content\/uploads\/2024\/03\/b-europa-centrotest.jpeg\",\"width\":792,\"height\":612},{\"@type\":\"BreadcrumbList\",\"@id\":\"https:\/\/centrotest.com\/certificazioni-e-qualifiche\/#breadcrumb\",\"itemListElement\":[{\"@type\":\"ListItem\",\"position\":1,\"name\":\"Home\",\"item\":\"https:\/\/centrotest.com\/\"},{\"@type\":\"ListItem\",\"position\":2,\"name\":\"Certifications et qualifications en entreprise\"}]},{\"@type\":\"WebSite\",\"@id\":\"https:\/\/centrotest.com\/#website\",\"url\":\"https:\/\/centrotest.com\/\",\"name\":\"CENTROTEST Terni\",\"description\":\"controlli non distruttivi e dimensionali in tutta italia\",\"publisher\":{\"@id\":\"https:\/\/centrotest.com\/#organization\"},\"potentialAction\":[{\"@type\":\"SearchAction\",\"target\":{\"@type\":\"EntryPoint\",\"urlTemplate\":\"https:\/\/centrotest.com\/?s={search_term_string}\"},\"query-input\":\"required name=search_term_string\"}],\"inLanguage\":\"fr-FR\"},{\"@type\":\"Organization\",\"@id\":\"https:\/\/centrotest.com\/#organization\",\"name\":\"CENTROTEST Terni\",\"url\":\"https:\/\/centrotest.com\/\",\"logo\":{\"@type\":\"ImageObject\",\"inLanguage\":\"fr-FR\",\"@id\":\"https:\/\/centrotest.com\/#\/schema\/logo\/image\/\",\"url\":\"https:\/\/centrotest.com\/wp-content\/uploads\/2024\/03\/LOGO-BIANCO-1.png\",\"contentUrl\":\"https:\/\/centrotest.com\/wp-content\/uploads\/2024\/03\/LOGO-BIANCO-1.png\",\"width\":1006,\"height\":206,\"caption\":\"CENTROTEST Terni\"},\"image\":{\"@id\":\"https:\/\/centrotest.com\/#\/schema\/logo\/image\/\"}}]}<\/script>\n<!-- \/ Yoast SEO plugin. -->","yoast_head_json":{"title":"Certifications et qualifications en entreprise - CENTROTEST Terni","robots":{"index":"index","follow":"follow","max-snippet":"max-snippet:-1","max-image-preview":"max-image-preview:large","max-video-preview":"max-video-preview:-1"},"canonical":"https:\/\/centrotest.com\/certificazioni-e-qualifiche\/","og_locale":"fr_FR","og_type":"article","og_title":"Certifications et qualifications en entreprise - CENTROTEST Terni","og_description":"Certifications et qualifications en entreprise Centrotest Srl op\u00e8re avec un personnel hautement qualifi\u00e9 qui r\u00e9pond aux exigences suivantes: N\u00b0 6 techniciens avec certification niveau II ISO9712 et ASNT TC1A pour les m\u00e9thodes suivantes: Visuelle (VT) Ultrasonique (UT) Particule magn\u00e9tique (MT) P\u00e9n\u00e9trant liquide (PT) Radiographique (RT) N\u00b0 2 techniciens certifi\u00e9s Niveau III ISO9712 et ASNT TC1A [&hellip;]","og_url":"https:\/\/centrotest.com\/certificazioni-e-qualifiche\/","og_site_name":"CENTROTEST Terni","article_modified_time":"2024-08-11T14:04:21+00:00","og_image":[{"url":"https:\/\/centrotest.com\/wp-content\/uploads\/2024\/03\/b-europa-centrotest.jpeg"}],"twitter_card":"summary_large_image","twitter_misc":{"Dur\u00e9e de lecture estim\u00e9e":"1 minute"},"schema":{"@context":"https:\/\/schema.org","@graph":[{"@type":"WebPage","@id":"https:\/\/centrotest.com\/certificazioni-e-qualifiche\/","url":"https:\/\/centrotest.com\/certificazioni-e-qualifiche\/","name":"Certifications et qualifications en entreprise - CENTROTEST Terni","isPartOf":{"@id":"https:\/\/centrotest.com\/#website"},"primaryImageOfPage":{"@id":"https:\/\/centrotest.com\/certificazioni-e-qualifiche\/#primaryimage"},"image":{"@id":"https:\/\/centrotest.com\/certificazioni-e-qualifiche\/#primaryimage"},"thumbnailUrl":"https:\/\/centrotest.com\/wp-content\/uploads\/2024\/03\/b-europa-centrotest.jpeg","datePublished":"2024-07-08T15:54:33+00:00","dateModified":"2024-08-11T14:04:21+00:00","breadcrumb":{"@id":"https:\/\/centrotest.com\/certificazioni-e-qualifiche\/#breadcrumb"},"inLanguage":"fr-FR","potentialAction":[{"@type":"ReadAction","target":["https:\/\/centrotest.com\/certificazioni-e-qualifiche\/"]}]},{"@type":"ImageObject","inLanguage":"fr-FR","@id":"https:\/\/centrotest.com\/certificazioni-e-qualifiche\/#primaryimage","url":"https:\/\/centrotest.com\/wp-content\/uploads\/2024\/03\/b-europa-centrotest.jpeg","contentUrl":"https:\/\/centrotest.com\/wp-content\/uploads\/2024\/03\/b-europa-centrotest.jpeg","width":792,"height":612},{"@type":"BreadcrumbList","@id":"https:\/\/centrotest.com\/certificazioni-e-qualifiche\/#breadcrumb","itemListElement":[{"@type":"ListItem","position":1,"name":"Home","item":"https:\/\/centrotest.com\/"},{"@type":"ListItem","position":2,"name":"Certifications et qualifications en entreprise"}]},{"@type":"WebSite","@id":"https:\/\/centrotest.com\/#website","url":"https:\/\/centrotest.com\/","name":"CENTROTEST Terni","description":"controlli non distruttivi e dimensionali in tutta italia","publisher":{"@id":"https:\/\/centrotest.com\/#organization"},"potentialAction":[{"@type":"SearchAction","target":{"@type":"EntryPoint","urlTemplate":"https:\/\/centrotest.com\/?s={search_term_string}"},"query-input":"required name=search_term_string"}],"inLanguage":"fr-FR"},{"@type":"Organization","@id":"https:\/\/centrotest.com\/#organization","name":"CENTROTEST Terni","url":"https:\/\/centrotest.com\/","logo":{"@type":"ImageObject","inLanguage":"fr-FR","@id":"https:\/\/centrotest.com\/#\/schema\/logo\/image\/","url":"https:\/\/centrotest.com\/wp-content\/uploads\/2024\/03\/LOGO-BIANCO-1.png","contentUrl":"https:\/\/centrotest.com\/wp-content\/uploads\/2024\/03\/LOGO-BIANCO-1.png","width":1006,"height":206,"caption":"CENTROTEST Terni"},"image":{"@id":"https:\/\/centrotest.com\/#\/schema\/logo\/image\/"}}]}},"_links":{"self":[{"href":"https:\/\/centrotest.com\/fr\/wp-json\/wp\/v2\/pages\/2077","targetHints":{"allow":["GET"]}}],"collection":[{"href":"https:\/\/centrotest.com\/fr\/wp-json\/wp\/v2\/pages"}],"about":[{"href":"https:\/\/centrotest.com\/fr\/wp-json\/wp\/v2\/types\/page"}],"author":[{"embeddable":true,"href":"https:\/\/centrotest.com\/fr\/wp-json\/wp\/v2\/users\/2"}],"replies":[{"embeddable":true,"href":"https:\/\/centrotest.com\/fr\/wp-json\/wp\/v2\/comments?post=2077"}],"version-history":[{"count":1,"href":"https:\/\/centrotest.com\/fr\/wp-json\/wp\/v2\/pages\/2077\/revisions"}],"predecessor-version":[{"id":2078,"href":"https:\/\/centrotest.com\/fr\/wp-json\/wp\/v2\/pages\/2077\/revisions\/2078"}],"wp:attachment":[{"href":"https:\/\/centrotest.com\/fr\/wp-json\/wp\/v2\/media?parent=2077"}],"curies":[{"name":"wp","href":"https:\/\/api.w.org\/{rel}","templated":true}]}}