{"id":2039,"date":"2024-07-26T20:54:31","date_gmt":"2024-07-26T18:54:31","guid":{"rendered":"https:\/\/centrotest.roiweb.eu\/test-mecaniques-et-analyses-chimiques\/metallographie\/"},"modified":"2024-08-05T17:38:18","modified_gmt":"2024-08-05T15:38:18","slug":"metallographie","status":"publish","type":"page","link":"https:\/\/centrotest.com\/fr\/test-mecaniques-et-analyses-chimiques\/metallographie\/","title":{"rendered":"M\u00e9tallographie"},"content":{"rendered":"\t\t<div data-elementor-type=\"wp-page\" data-elementor-id=\"2039\" class=\"elementor elementor-2039 elementor-2037\" data-elementor-post-type=\"page\">\n\t\t\t\t<div class=\"elementor-element elementor-element-f99e575 e-flex e-con-boxed e-con e-parent\" data-id=\"f99e575\" data-element_type=\"container\" data-settings=\"{&quot;background_background&quot;:&quot;classic&quot;}\" data-core-v316-plus=\"true\">\n\t\t\t\t\t<div class=\"e-con-inner\">\n\t\t\t\t<div class=\"elementor-element elementor-element-565845f elementor-widget elementor-widget-breadcrumbs\" data-id=\"565845f\" data-element_type=\"widget\" data-widget_type=\"breadcrumbs.default\">\n\t\t\t\t<div class=\"elementor-widget-container\">\n\t\t\t<link rel=\"stylesheet\" href=\"https:\/\/centrotest.com\/wp-content\/plugins\/elementor-pro\/assets\/css\/widget-theme-elements.min.css\"><p id=\"breadcrumbs\"><span><span><a href=\"https:\/\/centrotest.com\/\">Home<\/a><\/span><\/span><\/p>\t\t<\/div>\n\t\t\t\t<\/div>\n\t\t\t\t\t<\/div>\n\t\t\t\t<\/div>\n\t\t\t\t<section class=\"elementor-section elementor-top-section elementor-element elementor-element-380bfd46 elementor-section-boxed elementor-section-height-default elementor-section-height-default\" data-id=\"380bfd46\" data-element_type=\"section\" data-settings=\"{&quot;background_background&quot;:&quot;classic&quot;}\">\n\t\t\t\t\t\t<div class=\"elementor-container elementor-column-gap-wide\">\n\t\t\t\t\t<div class=\"elementor-column elementor-col-50 elementor-top-column elementor-element elementor-element-3057bc4d\" data-id=\"3057bc4d\" data-element_type=\"column\">\n\t\t\t<div class=\"elementor-widget-wrap elementor-element-populated\">\n\t\t\t\t\t\t<div class=\"elementor-element elementor-element-1b7087d1 elementor-widget elementor-widget-heading\" data-id=\"1b7087d1\" data-element_type=\"widget\" data-widget_type=\"heading.default\">\n\t\t\t\t<div class=\"elementor-widget-container\">\n\t\t\t<style>\/*! elementor - v3.20.0 - 26-03-2024 *\/\n.elementor-heading-title{padding:0;margin:0;line-height:1}.elementor-widget-heading .elementor-heading-title[class*=elementor-size-]>a{color:inherit;font-size:inherit;line-height:inherit}.elementor-widget-heading .elementor-heading-title.elementor-size-small{font-size:15px}.elementor-widget-heading .elementor-heading-title.elementor-size-medium{font-size:19px}.elementor-widget-heading .elementor-heading-title.elementor-size-large{font-size:29px}.elementor-widget-heading .elementor-heading-title.elementor-size-xl{font-size:39px}.elementor-widget-heading .elementor-heading-title.elementor-size-xxl{font-size:59px}<\/style><h5 class=\"elementor-heading-title elementor-size-default\">M\u00c9TALLOGRAPHIE<\/h5>\t\t<\/div>\n\t\t\t\t<\/div>\n\t\t\t\t<div class=\"elementor-element elementor-element-b2185b4 elementor-widget elementor-widget-text-editor\" data-id=\"b2185b4\" data-element_type=\"widget\" data-widget_type=\"text-editor.default\">\n\t\t\t\t<div class=\"elementor-widget-container\">\n\t\t\t<style>\/*! elementor - v3.20.0 - 26-03-2024 *\/\n.elementor-widget-text-editor.elementor-drop-cap-view-stacked .elementor-drop-cap{background-color:#69727d;color:#fff}.elementor-widget-text-editor.elementor-drop-cap-view-framed .elementor-drop-cap{color:#69727d;border:3px solid;background-color:transparent}.elementor-widget-text-editor:not(.elementor-drop-cap-view-default) .elementor-drop-cap{margin-top:8px}.elementor-widget-text-editor:not(.elementor-drop-cap-view-default) .elementor-drop-cap-letter{width:1em;height:1em}.elementor-widget-text-editor .elementor-drop-cap{float:left;text-align:center;line-height:1;font-size:50px}.elementor-widget-text-editor .elementor-drop-cap-letter{display:inline-block}<\/style>\t\t\t\t<p>EXAMEN DES CONSTITUANTS D&rsquo;UN \u00c9CHANTILLON M\u00c9TALLIQUE<\/p>\n\t\t\t\t\t\t<\/div>\n\t\t\t\t<\/div>\n\t\t\t\t\t<\/div>\n\t\t<\/div>\n\t\t\t\t<div class=\"elementor-column elementor-col-50 elementor-top-column elementor-element elementor-element-26a4aade\" data-id=\"26a4aade\" data-element_type=\"column\">\n\t\t\t<div class=\"elementor-widget-wrap elementor-element-populated\">\n\t\t\t\t\t\t<div class=\"elementor-element elementor-element-f04776c elementor-widget elementor-widget-image\" data-id=\"f04776c\" data-element_type=\"widget\" data-widget_type=\"image.default\">\n\t\t\t\t<div class=\"elementor-widget-container\">\n\t\t\t<style>\/*! elementor - v3.20.0 - 26-03-2024 *\/\n.elementor-widget-image{text-align:center}.elementor-widget-image a{display:inline-block}.elementor-widget-image a img[src$=\".svg\"]{width:48px}.elementor-widget-image img{vertical-align:middle;display:inline-block}<\/style>\t\t\t\t\t\t\t\t\t\t<img fetchpriority=\"high\" decoding=\"async\" width=\"700\" height=\"300\" src=\"https:\/\/centrotest.com\/wp-content\/uploads\/2024\/07\/repliche-metallografiche.jpg\" class=\"attachment-large size-large wp-image-1830\" alt=\"\" srcset=\"https:\/\/centrotest.com\/wp-content\/uploads\/2024\/07\/repliche-metallografiche.jpg 700w, https:\/\/centrotest.com\/wp-content\/uploads\/2024\/07\/repliche-metallografiche-300x129.jpg 300w\" sizes=\"(max-width: 700px) 100vw, 700px\" \/>\t\t\t\t\t\t\t\t\t\t\t\t\t<\/div>\n\t\t\t\t<\/div>\n\t\t\t\t\t<\/div>\n\t\t<\/div>\n\t\t\t\t\t<\/div>\n\t\t<\/section>\n\t\t\t\t<section class=\"elementor-section elementor-top-section elementor-element elementor-element-e677cd5 animated-slow elementor-section-boxed elementor-section-height-default elementor-section-height-default elementor-invisible\" data-id=\"e677cd5\" data-element_type=\"section\" data-settings=\"{&quot;background_background&quot;:&quot;classic&quot;,&quot;animation&quot;:&quot;fadeInUp&quot;}\">\n\t\t\t\t\t\t<div class=\"elementor-container elementor-column-gap-wide\">\n\t\t\t\t\t<div class=\"elementor-column elementor-col-66 elementor-top-column elementor-element elementor-element-6457a9e1\" data-id=\"6457a9e1\" data-element_type=\"column\">\n\t\t\t<div class=\"elementor-widget-wrap elementor-element-populated\">\n\t\t\t\t\t\t<div class=\"elementor-element elementor-element-3df95e3 elementor-widget elementor-widget-text-editor\" data-id=\"3df95e3\" data-element_type=\"widget\" data-widget_type=\"text-editor.default\">\n\t\t\t\t<div class=\"elementor-widget-container\">\n\t\t\t\t\t\t\t<p>LA M\u00c9THODE<\/p>\n\t\t\t\t\t\t<\/div>\n\t\t\t\t<\/div>\n\t\t\t\t<div class=\"elementor-element elementor-element-05dd2b0 elementor-widget elementor-widget-text-editor\" data-id=\"05dd2b0\" data-element_type=\"widget\" data-widget_type=\"text-editor.default\">\n\t\t\t\t<div class=\"elementor-widget-container\">\n\t\t\t\t\t\t\t<p>Il consiste en l&rsquo;<strong>examen des constituants d&rsquo;un \u00e9chantillon m\u00e9tallique<\/strong>, qui sont mis en \u00e9vidence en lissant et polissant la surface, en l&rsquo;attaquant avec des r\u00e9actifs appropri\u00e9s et en l&rsquo;observant au niveau microscopique ; souvent, le processus est suivi d&rsquo;une documentation photographique.<\/p>\n<p>L&rsquo;\u00e9tude est appel\u00e9e <strong>macrographie<\/strong> et permet d&rsquo;observer une forte h\u00e9t\u00e9rog\u00e9n\u00e9it\u00e9 ou interruption r\u00e9v\u00e9lant une s\u00e9gr\u00e9gation, les dispositions des fibres et les syst\u00e8mes de traitement corr\u00e9latifs, du fait de l&rsquo;h\u00e9t\u00e9rog\u00e9n\u00e9it\u00e9 des influences m\u00e9caniques, physiques, etc.<\/p>\n\t\t\t\t\t\t<\/div>\n\t\t\t\t<\/div>\n\t\t\t\t<div class=\"elementor-element elementor-element-dbe7e2b elementor-widget elementor-widget-text-editor\" data-id=\"dbe7e2b\" data-element_type=\"widget\" data-widget_type=\"text-editor.default\">\n\t\t\t\t<div class=\"elementor-widget-container\">\n\t\t\t\t\t\t\t\t\t\t\t\t\t<\/div>\n\t\t\t\t<\/div>\n\t\t\t\t<div class=\"elementor-element elementor-element-a246686 elementor-widget elementor-widget-text-editor\" data-id=\"a246686\" data-element_type=\"widget\" data-widget_type=\"text-editor.default\">\n\t\t\t\t<div class=\"elementor-widget-container\">\n\t\t\t\t\t\t\t\t\t\t\t\t\t<\/div>\n\t\t\t\t<\/div>\n\t\t\t\t\t<\/div>\n\t\t<\/div>\n\t\t\t\t<div class=\"elementor-column elementor-col-33 elementor-top-column elementor-element elementor-element-29c0423\" data-id=\"29c0423\" data-element_type=\"column\">\n\t\t\t<div class=\"elementor-widget-wrap elementor-element-populated\">\n\t\t\t\t\t\t<div class=\"elementor-element elementor-element-b860223 elementor-widget elementor-widget-image\" data-id=\"b860223\" data-element_type=\"widget\" data-widget_type=\"image.default\">\n\t\t\t\t<div class=\"elementor-widget-container\">\n\t\t\t\t\t\t\t\t\t\t\t\t\t<img decoding=\"async\" width=\"800\" height=\"600\" src=\"https:\/\/centrotest.com\/wp-content\/uploads\/2024\/07\/OTTONE-1024x768.jpg\" class=\"attachment-large size-large wp-image-1891\" alt=\"\" srcset=\"https:\/\/centrotest.com\/wp-content\/uploads\/2024\/07\/OTTONE-1024x768.jpg 1024w, https:\/\/centrotest.com\/wp-content\/uploads\/2024\/07\/OTTONE-300x225.jpg 300w, https:\/\/centrotest.com\/wp-content\/uploads\/2024\/07\/OTTONE-768x576.jpg 768w, https:\/\/centrotest.com\/wp-content\/uploads\/2024\/07\/OTTONE-1536x1152.jpg 1536w, https:\/\/centrotest.com\/wp-content\/uploads\/2024\/07\/OTTONE.jpg 1920w\" sizes=\"(max-width: 800px) 100vw, 800px\" \/>\t\t\t\t\t\t\t\t\t\t\t\t\t<\/div>\n\t\t\t\t<\/div>\n\t\t\t\t<div class=\"elementor-element elementor-element-1d39eac elementor-widget elementor-widget-image\" data-id=\"1d39eac\" data-element_type=\"widget\" data-widget_type=\"image.default\">\n\t\t\t\t<div class=\"elementor-widget-container\">\n\t\t\t\t\t\t\t\t\t\t\t\t\t<img decoding=\"async\" width=\"800\" height=\"533\" src=\"https:\/\/centrotest.com\/wp-content\/uploads\/2024\/07\/STAINLESS-1024x682.jpg\" class=\"attachment-large size-large wp-image-1894\" alt=\"\" srcset=\"https:\/\/centrotest.com\/wp-content\/uploads\/2024\/07\/STAINLESS-1024x682.jpg 1024w, https:\/\/centrotest.com\/wp-content\/uploads\/2024\/07\/STAINLESS-300x200.jpg 300w, https:\/\/centrotest.com\/wp-content\/uploads\/2024\/07\/STAINLESS-768x512.jpg 768w, https:\/\/centrotest.com\/wp-content\/uploads\/2024\/07\/STAINLESS.jpg 1232w\" sizes=\"(max-width: 800px) 100vw, 800px\" \/>\t\t\t\t\t\t\t\t\t\t\t\t\t<\/div>\n\t\t\t\t<\/div>\n\t\t\t\t<div class=\"elementor-element elementor-element-9041da8 elementor-widget elementor-widget-image\" data-id=\"9041da8\" data-element_type=\"widget\" data-widget_type=\"image.default\">\n\t\t\t\t<div class=\"elementor-widget-container\">\n\t\t\t\t\t\t\t\t\t\t\t\t\t<img loading=\"lazy\" decoding=\"async\" width=\"626\" height=\"343\" src=\"https:\/\/centrotest.com\/wp-content\/uploads\/2024\/07\/RAME.jpg\" class=\"attachment-large size-large wp-image-1898\" alt=\"\" srcset=\"https:\/\/centrotest.com\/wp-content\/uploads\/2024\/07\/RAME.jpg 626w, https:\/\/centrotest.com\/wp-content\/uploads\/2024\/07\/RAME-300x164.jpg 300w\" sizes=\"(max-width: 626px) 100vw, 626px\" \/>\t\t\t\t\t\t\t\t\t\t\t\t\t<\/div>\n\t\t\t\t<\/div>\n\t\t\t\t\t<\/div>\n\t\t<\/div>\n\t\t\t\t\t<\/div>\n\t\t<\/section>\n\t\t\t\t<\/div>\n\t\t","protected":false},"excerpt":{"rendered":"<p>M\u00c9TALLOGRAPHIE EXAMEN DES CONSTITUANTS D&rsquo;UN \u00c9CHANTILLON M\u00c9TALLIQUE LA M\u00c9THODE Il consiste en l&rsquo;examen des constituants d&rsquo;un \u00e9chantillon m\u00e9tallique, qui sont mis en \u00e9vidence en lissant et polissant la surface, en l&rsquo;attaquant avec des r\u00e9actifs appropri\u00e9s et en l&rsquo;observant au niveau microscopique ; souvent, le processus est suivi d&rsquo;une documentation photographique. L&rsquo;\u00e9tude est appel\u00e9e macrographie et [&hellip;]<\/p>\n","protected":false},"author":2,"featured_media":0,"parent":2023,"menu_order":0,"comment_status":"closed","ping_status":"closed","template":"elementor_header_footer","meta":{"footnotes":""},"class_list":["post-2039","page","type-page","status-publish","hentry"],"yoast_head":"<!-- This site is optimized with the Yoast SEO plugin v22.2 - https:\/\/yoast.com\/wordpress\/plugins\/seo\/ -->\n<title>M\u00e9tallographie - CENTROTEST Terni<\/title>\n<meta name=\"robots\" content=\"index, follow, max-snippet:-1, max-image-preview:large, max-video-preview:-1\" \/>\n<link rel=\"canonical\" href=\"https:\/\/centrotest.com\/prove-meccaniche-e-analisi-dei-materiali\/repliche-metallografiche\/\" \/>\n<meta property=\"og:locale\" content=\"fr_FR\" \/>\n<meta property=\"og:type\" content=\"article\" \/>\n<meta property=\"og:title\" content=\"M\u00e9tallographie - CENTROTEST Terni\" \/>\n<meta property=\"og:description\" content=\"M\u00c9TALLOGRAPHIE EXAMEN DES CONSTITUANTS D&rsquo;UN \u00c9CHANTILLON M\u00c9TALLIQUE LA M\u00c9THODE Il consiste en l&rsquo;examen des constituants d&rsquo;un \u00e9chantillon m\u00e9tallique, qui sont mis en \u00e9vidence en lissant et polissant la surface, en l&rsquo;attaquant avec des r\u00e9actifs appropri\u00e9s et en l&rsquo;observant au niveau microscopique ; souvent, le processus est suivi d&rsquo;une documentation photographique. L&rsquo;\u00e9tude est appel\u00e9e macrographie et [&hellip;]\" \/>\n<meta property=\"og:url\" content=\"https:\/\/centrotest.com\/prove-meccaniche-e-analisi-dei-materiali\/repliche-metallografiche\/\" \/>\n<meta property=\"og:site_name\" content=\"CENTROTEST Terni\" \/>\n<meta property=\"article:modified_time\" content=\"2024-08-05T15:38:18+00:00\" \/>\n<meta property=\"og:image\" content=\"https:\/\/centrotest.com\/wp-content\/uploads\/2024\/07\/repliche-metallografiche.jpg\" \/>\n<meta name=\"twitter:card\" content=\"summary_large_image\" \/>\n<meta name=\"twitter:label1\" content=\"Dur\u00e9e de lecture estim\u00e9e\" \/>\n\t<meta name=\"twitter:data1\" content=\"1 minute\" \/>\n<script type=\"application\/ld+json\" class=\"yoast-schema-graph\">{\"@context\":\"https:\/\/schema.org\",\"@graph\":[{\"@type\":\"WebPage\",\"@id\":\"https:\/\/centrotest.com\/prove-meccaniche-e-analisi-dei-materiali\/repliche-metallografiche\/\",\"url\":\"https:\/\/centrotest.com\/prove-meccaniche-e-analisi-dei-materiali\/repliche-metallografiche\/\",\"name\":\"M\u00e9tallographie - CENTROTEST Terni\",\"isPartOf\":{\"@id\":\"https:\/\/centrotest.com\/#website\"},\"primaryImageOfPage\":{\"@id\":\"https:\/\/centrotest.com\/prove-meccaniche-e-analisi-dei-materiali\/repliche-metallografiche\/#primaryimage\"},\"image\":{\"@id\":\"https:\/\/centrotest.com\/prove-meccaniche-e-analisi-dei-materiali\/repliche-metallografiche\/#primaryimage\"},\"thumbnailUrl\":\"https:\/\/centrotest.com\/wp-content\/uploads\/2024\/07\/repliche-metallografiche.jpg\",\"datePublished\":\"2024-07-26T18:54:31+00:00\",\"dateModified\":\"2024-08-05T15:38:18+00:00\",\"breadcrumb\":{\"@id\":\"https:\/\/centrotest.com\/prove-meccaniche-e-analisi-dei-materiali\/repliche-metallografiche\/#breadcrumb\"},\"inLanguage\":\"fr-FR\",\"potentialAction\":[{\"@type\":\"ReadAction\",\"target\":[\"https:\/\/centrotest.com\/prove-meccaniche-e-analisi-dei-materiali\/repliche-metallografiche\/\"]}]},{\"@type\":\"ImageObject\",\"inLanguage\":\"fr-FR\",\"@id\":\"https:\/\/centrotest.com\/prove-meccaniche-e-analisi-dei-materiali\/repliche-metallografiche\/#primaryimage\",\"url\":\"https:\/\/centrotest.com\/wp-content\/uploads\/2024\/07\/repliche-metallografiche.jpg\",\"contentUrl\":\"https:\/\/centrotest.com\/wp-content\/uploads\/2024\/07\/repliche-metallografiche.jpg\",\"width\":700,\"height\":300},{\"@type\":\"BreadcrumbList\",\"@id\":\"https:\/\/centrotest.com\/prove-meccaniche-e-analisi-dei-materiali\/repliche-metallografiche\/#breadcrumb\",\"itemListElement\":[{\"@type\":\"ListItem\",\"position\":1,\"name\":\"Home\",\"item\":\"https:\/\/centrotest.com\/\"},{\"@type\":\"ListItem\",\"position\":2,\"name\":\"Test m\u00e9caniques et analyses chimiques\",\"item\":\"https:\/\/centrotest.com\/prove-meccaniche-e-analisi-dei-materiali\/\"},{\"@type\":\"ListItem\",\"position\":3,\"name\":\"M\u00e9tallographie\"}]},{\"@type\":\"WebSite\",\"@id\":\"https:\/\/centrotest.com\/#website\",\"url\":\"https:\/\/centrotest.com\/\",\"name\":\"CENTROTEST Terni\",\"description\":\"controlli non distruttivi e dimensionali in tutta italia\",\"publisher\":{\"@id\":\"https:\/\/centrotest.com\/#organization\"},\"potentialAction\":[{\"@type\":\"SearchAction\",\"target\":{\"@type\":\"EntryPoint\",\"urlTemplate\":\"https:\/\/centrotest.com\/?s={search_term_string}\"},\"query-input\":\"required name=search_term_string\"}],\"inLanguage\":\"fr-FR\"},{\"@type\":\"Organization\",\"@id\":\"https:\/\/centrotest.com\/#organization\",\"name\":\"CENTROTEST Terni\",\"url\":\"https:\/\/centrotest.com\/\",\"logo\":{\"@type\":\"ImageObject\",\"inLanguage\":\"fr-FR\",\"@id\":\"https:\/\/centrotest.com\/#\/schema\/logo\/image\/\",\"url\":\"https:\/\/centrotest.com\/wp-content\/uploads\/2024\/03\/LOGO-BIANCO-1.png\",\"contentUrl\":\"https:\/\/centrotest.com\/wp-content\/uploads\/2024\/03\/LOGO-BIANCO-1.png\",\"width\":1006,\"height\":206,\"caption\":\"CENTROTEST Terni\"},\"image\":{\"@id\":\"https:\/\/centrotest.com\/#\/schema\/logo\/image\/\"}}]}<\/script>\n<!-- \/ Yoast SEO plugin. -->","yoast_head_json":{"title":"M\u00e9tallographie - CENTROTEST Terni","robots":{"index":"index","follow":"follow","max-snippet":"max-snippet:-1","max-image-preview":"max-image-preview:large","max-video-preview":"max-video-preview:-1"},"canonical":"https:\/\/centrotest.com\/prove-meccaniche-e-analisi-dei-materiali\/repliche-metallografiche\/","og_locale":"fr_FR","og_type":"article","og_title":"M\u00e9tallographie - CENTROTEST Terni","og_description":"M\u00c9TALLOGRAPHIE EXAMEN DES CONSTITUANTS D&rsquo;UN \u00c9CHANTILLON M\u00c9TALLIQUE LA M\u00c9THODE Il consiste en l&rsquo;examen des constituants d&rsquo;un \u00e9chantillon m\u00e9tallique, qui sont mis en \u00e9vidence en lissant et polissant la surface, en l&rsquo;attaquant avec des r\u00e9actifs appropri\u00e9s et en l&rsquo;observant au niveau microscopique ; souvent, le processus est suivi d&rsquo;une documentation photographique. L&rsquo;\u00e9tude est appel\u00e9e macrographie et [&hellip;]","og_url":"https:\/\/centrotest.com\/prove-meccaniche-e-analisi-dei-materiali\/repliche-metallografiche\/","og_site_name":"CENTROTEST Terni","article_modified_time":"2024-08-05T15:38:18+00:00","og_image":[{"url":"https:\/\/centrotest.com\/wp-content\/uploads\/2024\/07\/repliche-metallografiche.jpg"}],"twitter_card":"summary_large_image","twitter_misc":{"Dur\u00e9e de lecture estim\u00e9e":"1 minute"},"schema":{"@context":"https:\/\/schema.org","@graph":[{"@type":"WebPage","@id":"https:\/\/centrotest.com\/prove-meccaniche-e-analisi-dei-materiali\/repliche-metallografiche\/","url":"https:\/\/centrotest.com\/prove-meccaniche-e-analisi-dei-materiali\/repliche-metallografiche\/","name":"M\u00e9tallographie - CENTROTEST Terni","isPartOf":{"@id":"https:\/\/centrotest.com\/#website"},"primaryImageOfPage":{"@id":"https:\/\/centrotest.com\/prove-meccaniche-e-analisi-dei-materiali\/repliche-metallografiche\/#primaryimage"},"image":{"@id":"https:\/\/centrotest.com\/prove-meccaniche-e-analisi-dei-materiali\/repliche-metallografiche\/#primaryimage"},"thumbnailUrl":"https:\/\/centrotest.com\/wp-content\/uploads\/2024\/07\/repliche-metallografiche.jpg","datePublished":"2024-07-26T18:54:31+00:00","dateModified":"2024-08-05T15:38:18+00:00","breadcrumb":{"@id":"https:\/\/centrotest.com\/prove-meccaniche-e-analisi-dei-materiali\/repliche-metallografiche\/#breadcrumb"},"inLanguage":"fr-FR","potentialAction":[{"@type":"ReadAction","target":["https:\/\/centrotest.com\/prove-meccaniche-e-analisi-dei-materiali\/repliche-metallografiche\/"]}]},{"@type":"ImageObject","inLanguage":"fr-FR","@id":"https:\/\/centrotest.com\/prove-meccaniche-e-analisi-dei-materiali\/repliche-metallografiche\/#primaryimage","url":"https:\/\/centrotest.com\/wp-content\/uploads\/2024\/07\/repliche-metallografiche.jpg","contentUrl":"https:\/\/centrotest.com\/wp-content\/uploads\/2024\/07\/repliche-metallografiche.jpg","width":700,"height":300},{"@type":"BreadcrumbList","@id":"https:\/\/centrotest.com\/prove-meccaniche-e-analisi-dei-materiali\/repliche-metallografiche\/#breadcrumb","itemListElement":[{"@type":"ListItem","position":1,"name":"Home","item":"https:\/\/centrotest.com\/"},{"@type":"ListItem","position":2,"name":"Test m\u00e9caniques et analyses chimiques","item":"https:\/\/centrotest.com\/prove-meccaniche-e-analisi-dei-materiali\/"},{"@type":"ListItem","position":3,"name":"M\u00e9tallographie"}]},{"@type":"WebSite","@id":"https:\/\/centrotest.com\/#website","url":"https:\/\/centrotest.com\/","name":"CENTROTEST Terni","description":"controlli non distruttivi e dimensionali in tutta italia","publisher":{"@id":"https:\/\/centrotest.com\/#organization"},"potentialAction":[{"@type":"SearchAction","target":{"@type":"EntryPoint","urlTemplate":"https:\/\/centrotest.com\/?s={search_term_string}"},"query-input":"required name=search_term_string"}],"inLanguage":"fr-FR"},{"@type":"Organization","@id":"https:\/\/centrotest.com\/#organization","name":"CENTROTEST Terni","url":"https:\/\/centrotest.com\/","logo":{"@type":"ImageObject","inLanguage":"fr-FR","@id":"https:\/\/centrotest.com\/#\/schema\/logo\/image\/","url":"https:\/\/centrotest.com\/wp-content\/uploads\/2024\/03\/LOGO-BIANCO-1.png","contentUrl":"https:\/\/centrotest.com\/wp-content\/uploads\/2024\/03\/LOGO-BIANCO-1.png","width":1006,"height":206,"caption":"CENTROTEST Terni"},"image":{"@id":"https:\/\/centrotest.com\/#\/schema\/logo\/image\/"}}]}},"_links":{"self":[{"href":"https:\/\/centrotest.com\/fr\/wp-json\/wp\/v2\/pages\/2039","targetHints":{"allow":["GET"]}}],"collection":[{"href":"https:\/\/centrotest.com\/fr\/wp-json\/wp\/v2\/pages"}],"about":[{"href":"https:\/\/centrotest.com\/fr\/wp-json\/wp\/v2\/types\/page"}],"author":[{"embeddable":true,"href":"https:\/\/centrotest.com\/fr\/wp-json\/wp\/v2\/users\/2"}],"replies":[{"embeddable":true,"href":"https:\/\/centrotest.com\/fr\/wp-json\/wp\/v2\/comments?post=2039"}],"version-history":[{"count":1,"href":"https:\/\/centrotest.com\/fr\/wp-json\/wp\/v2\/pages\/2039\/revisions"}],"predecessor-version":[{"id":2040,"href":"https:\/\/centrotest.com\/fr\/wp-json\/wp\/v2\/pages\/2039\/revisions\/2040"}],"up":[{"embeddable":true,"href":"https:\/\/centrotest.com\/fr\/wp-json\/wp\/v2\/pages\/2023"}],"wp:attachment":[{"href":"https:\/\/centrotest.com\/fr\/wp-json\/wp\/v2\/media?parent=2039"}],"curies":[{"name":"wp","href":"https:\/\/api.w.org\/{rel}","templated":true}]}}