{"id":2027,"date":"2024-07-26T20:54:18","date_gmt":"2024-07-26T18:54:18","guid":{"rendered":"https:\/\/centrotest.roiweb.eu\/test-mecaniques-et-analyses-chimiques\/analyse-chimique\/"},"modified":"2024-08-05T17:37:06","modified_gmt":"2024-08-05T15:37:06","slug":"analyse-chimique","status":"publish","type":"page","link":"https:\/\/centrotest.com\/fr\/test-mecaniques-et-analyses-chimiques\/analyse-chimique\/","title":{"rendered":"Analyse chimique"},"content":{"rendered":"\t\t<div data-elementor-type=\"wp-page\" data-elementor-id=\"2027\" class=\"elementor elementor-2027 elementor-1842\" data-elementor-post-type=\"page\">\n\t\t\t\t<div class=\"elementor-element elementor-element-f99e575 e-flex e-con-boxed e-con e-parent\" data-id=\"f99e575\" data-element_type=\"container\" data-settings=\"{&quot;background_background&quot;:&quot;classic&quot;}\" data-core-v316-plus=\"true\">\n\t\t\t\t\t<div class=\"e-con-inner\">\n\t\t\t\t<div class=\"elementor-element elementor-element-565845f elementor-widget elementor-widget-breadcrumbs\" data-id=\"565845f\" data-element_type=\"widget\" data-widget_type=\"breadcrumbs.default\">\n\t\t\t\t<div class=\"elementor-widget-container\">\n\t\t\t<link rel=\"stylesheet\" href=\"https:\/\/centrotest.com\/wp-content\/plugins\/elementor-pro\/assets\/css\/widget-theme-elements.min.css\"><p id=\"breadcrumbs\"><span><span><a href=\"https:\/\/centrotest.com\/\">Home<\/a><\/span><\/span><\/p>\t\t<\/div>\n\t\t\t\t<\/div>\n\t\t\t\t\t<\/div>\n\t\t\t\t<\/div>\n\t\t\t\t<section class=\"elementor-section elementor-top-section elementor-element elementor-element-380bfd46 elementor-section-boxed elementor-section-height-default elementor-section-height-default\" data-id=\"380bfd46\" data-element_type=\"section\" data-settings=\"{&quot;background_background&quot;:&quot;classic&quot;}\">\n\t\t\t\t\t\t<div class=\"elementor-container elementor-column-gap-wide\">\n\t\t\t\t\t<div class=\"elementor-column elementor-col-50 elementor-top-column elementor-element elementor-element-3057bc4d\" data-id=\"3057bc4d\" data-element_type=\"column\">\n\t\t\t<div class=\"elementor-widget-wrap elementor-element-populated\">\n\t\t\t\t\t\t<div class=\"elementor-element elementor-element-1b7087d1 elementor-widget elementor-widget-heading\" data-id=\"1b7087d1\" data-element_type=\"widget\" data-widget_type=\"heading.default\">\n\t\t\t\t<div class=\"elementor-widget-container\">\n\t\t\t<style>\/*! elementor - v3.20.0 - 26-03-2024 *\/\n.elementor-heading-title{padding:0;margin:0;line-height:1}.elementor-widget-heading .elementor-heading-title[class*=elementor-size-]>a{color:inherit;font-size:inherit;line-height:inherit}.elementor-widget-heading .elementor-heading-title.elementor-size-small{font-size:15px}.elementor-widget-heading .elementor-heading-title.elementor-size-medium{font-size:19px}.elementor-widget-heading .elementor-heading-title.elementor-size-large{font-size:29px}.elementor-widget-heading .elementor-heading-title.elementor-size-xl{font-size:39px}.elementor-widget-heading .elementor-heading-title.elementor-size-xxl{font-size:59px}<\/style><h5 class=\"elementor-heading-title elementor-size-default\">ANALYSE CHIMIQUE<\/h5>\t\t<\/div>\n\t\t\t\t<\/div>\n\t\t\t\t<div class=\"elementor-element elementor-element-b2185b4 elementor-widget elementor-widget-text-editor\" data-id=\"b2185b4\" data-element_type=\"widget\" data-widget_type=\"text-editor.default\">\n\t\t\t\t<div class=\"elementor-widget-container\">\n\t\t\t<style>\/*! elementor - v3.20.0 - 26-03-2024 *\/\n.elementor-widget-text-editor.elementor-drop-cap-view-stacked .elementor-drop-cap{background-color:#69727d;color:#fff}.elementor-widget-text-editor.elementor-drop-cap-view-framed .elementor-drop-cap{color:#69727d;border:3px solid;background-color:transparent}.elementor-widget-text-editor:not(.elementor-drop-cap-view-default) .elementor-drop-cap{margin-top:8px}.elementor-widget-text-editor:not(.elementor-drop-cap-view-default) .elementor-drop-cap-letter{width:1em;height:1em}.elementor-widget-text-editor .elementor-drop-cap{float:left;text-align:center;line-height:1;font-size:50px}.elementor-widget-text-editor .elementor-drop-cap-letter{display:inline-block}<\/style>\t\t\t\t\t\t\t\t\t\t<\/div>\n\t\t\t\t<\/div>\n\t\t\t\t\t<\/div>\n\t\t<\/div>\n\t\t\t\t<div class=\"elementor-column elementor-col-50 elementor-top-column elementor-element elementor-element-26a4aade\" data-id=\"26a4aade\" data-element_type=\"column\">\n\t\t\t<div class=\"elementor-widget-wrap elementor-element-populated\">\n\t\t\t\t\t\t<div class=\"elementor-element elementor-element-605cf32 elementor-widget elementor-widget-image\" data-id=\"605cf32\" data-element_type=\"widget\" data-widget_type=\"image.default\">\n\t\t\t\t<div class=\"elementor-widget-container\">\n\t\t\t<style>\/*! elementor - v3.20.0 - 26-03-2024 *\/\n.elementor-widget-image{text-align:center}.elementor-widget-image a{display:inline-block}.elementor-widget-image a img[src$=\".svg\"]{width:48px}.elementor-widget-image img{vertical-align:middle;display:inline-block}<\/style>\t\t\t\t\t\t\t\t\t\t<img fetchpriority=\"high\" decoding=\"async\" width=\"798\" height=\"533\" src=\"https:\/\/centrotest.com\/wp-content\/uploads\/2024\/07\/nixton-4.jpeg\" class=\"attachment-large size-large wp-image-1876\" alt=\"\" srcset=\"https:\/\/centrotest.com\/wp-content\/uploads\/2024\/07\/nixton-4.jpeg 798w, https:\/\/centrotest.com\/wp-content\/uploads\/2024\/07\/nixton-4-300x200.jpeg 300w, https:\/\/centrotest.com\/wp-content\/uploads\/2024\/07\/nixton-4-768x513.jpeg 768w\" sizes=\"(max-width: 798px) 100vw, 798px\" \/>\t\t\t\t\t\t\t\t\t\t\t\t\t<\/div>\n\t\t\t\t<\/div>\n\t\t\t\t\t<\/div>\n\t\t<\/div>\n\t\t\t\t\t<\/div>\n\t\t<\/section>\n\t\t\t\t<section class=\"elementor-section elementor-top-section elementor-element elementor-element-e677cd5 animated-slow elementor-section-boxed elementor-section-height-default elementor-section-height-default elementor-invisible\" data-id=\"e677cd5\" data-element_type=\"section\" data-settings=\"{&quot;background_background&quot;:&quot;classic&quot;,&quot;animation&quot;:&quot;fadeInUp&quot;}\">\n\t\t\t\t\t\t<div class=\"elementor-container elementor-column-gap-wide\">\n\t\t\t\t\t<div class=\"elementor-column elementor-col-66 elementor-top-column elementor-element elementor-element-6457a9e1\" data-id=\"6457a9e1\" data-element_type=\"column\">\n\t\t\t<div class=\"elementor-widget-wrap elementor-element-populated\">\n\t\t\t\t\t\t<div class=\"elementor-element elementor-element-3df95e3 elementor-widget elementor-widget-text-editor\" data-id=\"3df95e3\" data-element_type=\"widget\" data-widget_type=\"text-editor.default\">\n\t\t\t\t<div class=\"elementor-widget-container\">\n\t\t\t\t\t\t\t<p>ANALYSES PMI<\/p>\n\t\t\t\t\t\t<\/div>\n\t\t\t\t<\/div>\n\t\t\t\t<div class=\"elementor-element elementor-element-05dd2b0 elementor-widget elementor-widget-text-editor\" data-id=\"05dd2b0\" data-element_type=\"widget\" data-widget_type=\"text-editor.default\">\n\t\t\t\t<div class=\"elementor-widget-container\">\n\t\t\t\t\t\t\t<p>Notre laboratoire r\u00e9alise des <strong>analyses chimiques avec la m\u00e9thode PMI<\/strong> sur les alliages ferreux et non ferreux. Ce type de contr\u00f4le est bas\u00e9 sur le principe de la fluorescence X \u00e0 dispersion d&rsquo;\u00e9nergie et permet une mesure rapide et extr\u00eamement fiable de la <strong>composition chimique<\/strong> du mat\u00e9riau examin\u00e9.<\/p>\n\t\t\t\t\t\t<\/div>\n\t\t\t\t<\/div>\n\t\t\t\t<div class=\"elementor-element elementor-element-dbe7e2b elementor-widget elementor-widget-text-editor\" data-id=\"dbe7e2b\" data-element_type=\"widget\" data-widget_type=\"text-editor.default\">\n\t\t\t\t<div class=\"elementor-widget-container\">\n\t\t\t\t\t\t\t<p>\u00c9QUIPEMENT DISPONIBLE<\/p>\n\t\t\t\t\t\t<\/div>\n\t\t\t\t<\/div>\n\t\t\t\t<div class=\"elementor-element elementor-element-a246686 elementor-widget elementor-widget-text-editor\" data-id=\"a246686\" data-element_type=\"widget\" data-widget_type=\"text-editor.default\">\n\t\t\t\t<div class=\"elementor-widget-container\">\n\t\t\t\t\t\t\t<ul>\n<li>Niton XL2 Or Mod\u00e8le XL2<\/li>\n<\/ul>\n\t\t\t\t\t\t<\/div>\n\t\t\t\t<\/div>\n\t\t\t\t\t<\/div>\n\t\t<\/div>\n\t\t\t\t<div class=\"elementor-column elementor-col-33 elementor-top-column elementor-element elementor-element-29c0423\" data-id=\"29c0423\" data-element_type=\"column\">\n\t\t\t<div class=\"elementor-widget-wrap elementor-element-populated\">\n\t\t\t\t\t\t<div class=\"elementor-element elementor-element-b860223 elementor-widget elementor-widget-image\" data-id=\"b860223\" data-element_type=\"widget\" data-widget_type=\"image.default\">\n\t\t\t\t<div class=\"elementor-widget-container\">\n\t\t\t\t\t\t\t\t\t\t\t\t\t<img decoding=\"async\" width=\"800\" height=\"533\" src=\"https:\/\/centrotest.com\/wp-content\/uploads\/2024\/07\/nixon3.jpeg\" class=\"attachment-large size-large wp-image-1873\" alt=\"\" srcset=\"https:\/\/centrotest.com\/wp-content\/uploads\/2024\/07\/nixon3.jpeg 800w, https:\/\/centrotest.com\/wp-content\/uploads\/2024\/07\/nixon3-300x200.jpeg 300w, https:\/\/centrotest.com\/wp-content\/uploads\/2024\/07\/nixon3-768x512.jpeg 768w\" sizes=\"(max-width: 800px) 100vw, 800px\" \/>\t\t\t\t\t\t\t\t\t\t\t\t\t<\/div>\n\t\t\t\t<\/div>\n\t\t\t\t<div class=\"elementor-element elementor-element-1d39eac elementor-widget elementor-widget-image\" data-id=\"1d39eac\" data-element_type=\"widget\" data-widget_type=\"image.default\">\n\t\t\t\t<div class=\"elementor-widget-container\">\n\t\t\t\t\t\t\t\t\t\t\t\t\t<img decoding=\"async\" width=\"800\" height=\"451\" src=\"https:\/\/centrotest.com\/wp-content\/uploads\/2024\/07\/nixton2-1024x577.jpg\" class=\"attachment-large size-large wp-image-1879\" alt=\"\" srcset=\"https:\/\/centrotest.com\/wp-content\/uploads\/2024\/07\/nixton2-1024x577.jpg 1024w, https:\/\/centrotest.com\/wp-content\/uploads\/2024\/07\/nixton2-300x169.jpg 300w, https:\/\/centrotest.com\/wp-content\/uploads\/2024\/07\/nixton2-768x432.jpg 768w, https:\/\/centrotest.com\/wp-content\/uploads\/2024\/07\/nixton2-1536x865.jpg 1536w, https:\/\/centrotest.com\/wp-content\/uploads\/2024\/07\/nixton2.jpg 1570w\" sizes=\"(max-width: 800px) 100vw, 800px\" \/>\t\t\t\t\t\t\t\t\t\t\t\t\t<\/div>\n\t\t\t\t<\/div>\n\t\t\t\t<div class=\"elementor-element elementor-element-4c6e911 elementor-widget elementor-widget-image\" data-id=\"4c6e911\" data-element_type=\"widget\" data-widget_type=\"image.default\">\n\t\t\t\t<div class=\"elementor-widget-container\">\n\t\t\t\t\t\t\t\t\t\t\t\t\t<img loading=\"lazy\" decoding=\"async\" width=\"700\" height=\"300\" src=\"https:\/\/centrotest.com\/wp-content\/uploads\/2024\/07\/analisi-chimiche-1.jpg\" class=\"attachment-large size-large wp-image-1870\" alt=\"\" srcset=\"https:\/\/centrotest.com\/wp-content\/uploads\/2024\/07\/analisi-chimiche-1.jpg 700w, https:\/\/centrotest.com\/wp-content\/uploads\/2024\/07\/analisi-chimiche-1-300x129.jpg 300w\" sizes=\"(max-width: 700px) 100vw, 700px\" \/>\t\t\t\t\t\t\t\t\t\t\t\t\t<\/div>\n\t\t\t\t<\/div>\n\t\t\t\t<div class=\"elementor-element elementor-element-9041da8 elementor-widget elementor-widget-image\" data-id=\"9041da8\" data-element_type=\"widget\" data-widget_type=\"image.default\">\n\t\t\t\t<div class=\"elementor-widget-container\">\n\t\t\t\t\t\t\t\t\t\t\t\t\t<img loading=\"lazy\" decoding=\"async\" width=\"800\" height=\"533\" src=\"https:\/\/centrotest.com\/wp-content\/uploads\/2024\/07\/nixton4.png\" class=\"attachment-large size-large wp-image-1882\" alt=\"\" srcset=\"https:\/\/centrotest.com\/wp-content\/uploads\/2024\/07\/nixton4.png 800w, https:\/\/centrotest.com\/wp-content\/uploads\/2024\/07\/nixton4-300x200.png 300w, https:\/\/centrotest.com\/wp-content\/uploads\/2024\/07\/nixton4-768x512.png 768w\" sizes=\"(max-width: 800px) 100vw, 800px\" \/>\t\t\t\t\t\t\t\t\t\t\t\t\t<\/div>\n\t\t\t\t<\/div>\n\t\t\t\t\t<\/div>\n\t\t<\/div>\n\t\t\t\t\t<\/div>\n\t\t<\/section>\n\t\t\t\t<\/div>\n\t\t","protected":false},"excerpt":{"rendered":"<p>ANALYSE CHIMIQUE ANALYSES PMI Notre laboratoire r\u00e9alise des analyses chimiques avec la m\u00e9thode PMI sur les alliages ferreux et non ferreux. Ce type de contr\u00f4le est bas\u00e9 sur le principe de la fluorescence X \u00e0 dispersion d&rsquo;\u00e9nergie et permet une mesure rapide et extr\u00eamement fiable de la composition chimique du mat\u00e9riau examin\u00e9. \u00c9QUIPEMENT DISPONIBLE Niton [&hellip;]<\/p>\n","protected":false},"author":2,"featured_media":0,"parent":2023,"menu_order":0,"comment_status":"closed","ping_status":"closed","template":"elementor_header_footer","meta":{"footnotes":""},"class_list":["post-2027","page","type-page","status-publish","hentry"],"yoast_head":"<!-- This site is optimized with the Yoast SEO plugin v22.2 - https:\/\/yoast.com\/wordpress\/plugins\/seo\/ -->\n<title>Analyse chimique - CENTROTEST Terni<\/title>\n<meta name=\"robots\" content=\"index, follow, max-snippet:-1, max-image-preview:large, max-video-preview:-1\" \/>\n<link rel=\"canonical\" href=\"https:\/\/centrotest.com\/prove-meccaniche-e-analisi-dei-materiali\/analisi-chimiche\/\" \/>\n<meta property=\"og:locale\" content=\"fr_FR\" \/>\n<meta property=\"og:type\" content=\"article\" \/>\n<meta property=\"og:title\" content=\"Analyse chimique - CENTROTEST Terni\" \/>\n<meta property=\"og:description\" content=\"ANALYSE CHIMIQUE ANALYSES PMI Notre laboratoire r\u00e9alise des analyses chimiques avec la m\u00e9thode PMI sur les alliages ferreux et non ferreux. Ce type de contr\u00f4le est bas\u00e9 sur le principe de la fluorescence X \u00e0 dispersion d&rsquo;\u00e9nergie et permet une mesure rapide et extr\u00eamement fiable de la composition chimique du mat\u00e9riau examin\u00e9. \u00c9QUIPEMENT DISPONIBLE Niton [&hellip;]\" \/>\n<meta property=\"og:url\" content=\"https:\/\/centrotest.com\/prove-meccaniche-e-analisi-dei-materiali\/analisi-chimiche\/\" \/>\n<meta property=\"og:site_name\" content=\"CENTROTEST Terni\" \/>\n<meta property=\"article:modified_time\" content=\"2024-08-05T15:37:06+00:00\" \/>\n<meta property=\"og:image\" content=\"https:\/\/centrotest.com\/wp-content\/uploads\/2024\/07\/nixton-4.jpeg\" \/>\n<meta name=\"twitter:card\" content=\"summary_large_image\" \/>\n<script type=\"application\/ld+json\" class=\"yoast-schema-graph\">{\"@context\":\"https:\/\/schema.org\",\"@graph\":[{\"@type\":\"WebPage\",\"@id\":\"https:\/\/centrotest.com\/prove-meccaniche-e-analisi-dei-materiali\/analisi-chimiche\/\",\"url\":\"https:\/\/centrotest.com\/prove-meccaniche-e-analisi-dei-materiali\/analisi-chimiche\/\",\"name\":\"Analyse chimique - CENTROTEST Terni\",\"isPartOf\":{\"@id\":\"https:\/\/centrotest.com\/#website\"},\"primaryImageOfPage\":{\"@id\":\"https:\/\/centrotest.com\/prove-meccaniche-e-analisi-dei-materiali\/analisi-chimiche\/#primaryimage\"},\"image\":{\"@id\":\"https:\/\/centrotest.com\/prove-meccaniche-e-analisi-dei-materiali\/analisi-chimiche\/#primaryimage\"},\"thumbnailUrl\":\"https:\/\/centrotest.com\/wp-content\/uploads\/2024\/07\/nixton-4.jpeg\",\"datePublished\":\"2024-07-26T18:54:18+00:00\",\"dateModified\":\"2024-08-05T15:37:06+00:00\",\"breadcrumb\":{\"@id\":\"https:\/\/centrotest.com\/prove-meccaniche-e-analisi-dei-materiali\/analisi-chimiche\/#breadcrumb\"},\"inLanguage\":\"fr-FR\",\"potentialAction\":[{\"@type\":\"ReadAction\",\"target\":[\"https:\/\/centrotest.com\/prove-meccaniche-e-analisi-dei-materiali\/analisi-chimiche\/\"]}]},{\"@type\":\"ImageObject\",\"inLanguage\":\"fr-FR\",\"@id\":\"https:\/\/centrotest.com\/prove-meccaniche-e-analisi-dei-materiali\/analisi-chimiche\/#primaryimage\",\"url\":\"https:\/\/centrotest.com\/wp-content\/uploads\/2024\/07\/nixton-4.jpeg\",\"contentUrl\":\"https:\/\/centrotest.com\/wp-content\/uploads\/2024\/07\/nixton-4.jpeg\",\"width\":798,\"height\":533},{\"@type\":\"BreadcrumbList\",\"@id\":\"https:\/\/centrotest.com\/prove-meccaniche-e-analisi-dei-materiali\/analisi-chimiche\/#breadcrumb\",\"itemListElement\":[{\"@type\":\"ListItem\",\"position\":1,\"name\":\"Home\",\"item\":\"https:\/\/centrotest.com\/\"},{\"@type\":\"ListItem\",\"position\":2,\"name\":\"Test m\u00e9caniques et analyses chimiques\",\"item\":\"https:\/\/centrotest.com\/prove-meccaniche-e-analisi-dei-materiali\/\"},{\"@type\":\"ListItem\",\"position\":3,\"name\":\"Analyse chimique\"}]},{\"@type\":\"WebSite\",\"@id\":\"https:\/\/centrotest.com\/#website\",\"url\":\"https:\/\/centrotest.com\/\",\"name\":\"CENTROTEST Terni\",\"description\":\"controlli non distruttivi e dimensionali in tutta italia\",\"publisher\":{\"@id\":\"https:\/\/centrotest.com\/#organization\"},\"potentialAction\":[{\"@type\":\"SearchAction\",\"target\":{\"@type\":\"EntryPoint\",\"urlTemplate\":\"https:\/\/centrotest.com\/?s={search_term_string}\"},\"query-input\":\"required name=search_term_string\"}],\"inLanguage\":\"fr-FR\"},{\"@type\":\"Organization\",\"@id\":\"https:\/\/centrotest.com\/#organization\",\"name\":\"CENTROTEST Terni\",\"url\":\"https:\/\/centrotest.com\/\",\"logo\":{\"@type\":\"ImageObject\",\"inLanguage\":\"fr-FR\",\"@id\":\"https:\/\/centrotest.com\/#\/schema\/logo\/image\/\",\"url\":\"https:\/\/centrotest.com\/wp-content\/uploads\/2024\/03\/LOGO-BIANCO-1.png\",\"contentUrl\":\"https:\/\/centrotest.com\/wp-content\/uploads\/2024\/03\/LOGO-BIANCO-1.png\",\"width\":1006,\"height\":206,\"caption\":\"CENTROTEST Terni\"},\"image\":{\"@id\":\"https:\/\/centrotest.com\/#\/schema\/logo\/image\/\"}}]}<\/script>\n<!-- \/ Yoast SEO plugin. -->","yoast_head_json":{"title":"Analyse chimique - CENTROTEST Terni","robots":{"index":"index","follow":"follow","max-snippet":"max-snippet:-1","max-image-preview":"max-image-preview:large","max-video-preview":"max-video-preview:-1"},"canonical":"https:\/\/centrotest.com\/prove-meccaniche-e-analisi-dei-materiali\/analisi-chimiche\/","og_locale":"fr_FR","og_type":"article","og_title":"Analyse chimique - CENTROTEST Terni","og_description":"ANALYSE CHIMIQUE ANALYSES PMI Notre laboratoire r\u00e9alise des analyses chimiques avec la m\u00e9thode PMI sur les alliages ferreux et non ferreux. Ce type de contr\u00f4le est bas\u00e9 sur le principe de la fluorescence X \u00e0 dispersion d&rsquo;\u00e9nergie et permet une mesure rapide et extr\u00eamement fiable de la composition chimique du mat\u00e9riau examin\u00e9. \u00c9QUIPEMENT DISPONIBLE Niton [&hellip;]","og_url":"https:\/\/centrotest.com\/prove-meccaniche-e-analisi-dei-materiali\/analisi-chimiche\/","og_site_name":"CENTROTEST Terni","article_modified_time":"2024-08-05T15:37:06+00:00","og_image":[{"url":"https:\/\/centrotest.com\/wp-content\/uploads\/2024\/07\/nixton-4.jpeg"}],"twitter_card":"summary_large_image","schema":{"@context":"https:\/\/schema.org","@graph":[{"@type":"WebPage","@id":"https:\/\/centrotest.com\/prove-meccaniche-e-analisi-dei-materiali\/analisi-chimiche\/","url":"https:\/\/centrotest.com\/prove-meccaniche-e-analisi-dei-materiali\/analisi-chimiche\/","name":"Analyse chimique - CENTROTEST Terni","isPartOf":{"@id":"https:\/\/centrotest.com\/#website"},"primaryImageOfPage":{"@id":"https:\/\/centrotest.com\/prove-meccaniche-e-analisi-dei-materiali\/analisi-chimiche\/#primaryimage"},"image":{"@id":"https:\/\/centrotest.com\/prove-meccaniche-e-analisi-dei-materiali\/analisi-chimiche\/#primaryimage"},"thumbnailUrl":"https:\/\/centrotest.com\/wp-content\/uploads\/2024\/07\/nixton-4.jpeg","datePublished":"2024-07-26T18:54:18+00:00","dateModified":"2024-08-05T15:37:06+00:00","breadcrumb":{"@id":"https:\/\/centrotest.com\/prove-meccaniche-e-analisi-dei-materiali\/analisi-chimiche\/#breadcrumb"},"inLanguage":"fr-FR","potentialAction":[{"@type":"ReadAction","target":["https:\/\/centrotest.com\/prove-meccaniche-e-analisi-dei-materiali\/analisi-chimiche\/"]}]},{"@type":"ImageObject","inLanguage":"fr-FR","@id":"https:\/\/centrotest.com\/prove-meccaniche-e-analisi-dei-materiali\/analisi-chimiche\/#primaryimage","url":"https:\/\/centrotest.com\/wp-content\/uploads\/2024\/07\/nixton-4.jpeg","contentUrl":"https:\/\/centrotest.com\/wp-content\/uploads\/2024\/07\/nixton-4.jpeg","width":798,"height":533},{"@type":"BreadcrumbList","@id":"https:\/\/centrotest.com\/prove-meccaniche-e-analisi-dei-materiali\/analisi-chimiche\/#breadcrumb","itemListElement":[{"@type":"ListItem","position":1,"name":"Home","item":"https:\/\/centrotest.com\/"},{"@type":"ListItem","position":2,"name":"Test m\u00e9caniques et analyses chimiques","item":"https:\/\/centrotest.com\/prove-meccaniche-e-analisi-dei-materiali\/"},{"@type":"ListItem","position":3,"name":"Analyse chimique"}]},{"@type":"WebSite","@id":"https:\/\/centrotest.com\/#website","url":"https:\/\/centrotest.com\/","name":"CENTROTEST Terni","description":"controlli non distruttivi e dimensionali in tutta italia","publisher":{"@id":"https:\/\/centrotest.com\/#organization"},"potentialAction":[{"@type":"SearchAction","target":{"@type":"EntryPoint","urlTemplate":"https:\/\/centrotest.com\/?s={search_term_string}"},"query-input":"required name=search_term_string"}],"inLanguage":"fr-FR"},{"@type":"Organization","@id":"https:\/\/centrotest.com\/#organization","name":"CENTROTEST Terni","url":"https:\/\/centrotest.com\/","logo":{"@type":"ImageObject","inLanguage":"fr-FR","@id":"https:\/\/centrotest.com\/#\/schema\/logo\/image\/","url":"https:\/\/centrotest.com\/wp-content\/uploads\/2024\/03\/LOGO-BIANCO-1.png","contentUrl":"https:\/\/centrotest.com\/wp-content\/uploads\/2024\/03\/LOGO-BIANCO-1.png","width":1006,"height":206,"caption":"CENTROTEST Terni"},"image":{"@id":"https:\/\/centrotest.com\/#\/schema\/logo\/image\/"}}]}},"_links":{"self":[{"href":"https:\/\/centrotest.com\/fr\/wp-json\/wp\/v2\/pages\/2027","targetHints":{"allow":["GET"]}}],"collection":[{"href":"https:\/\/centrotest.com\/fr\/wp-json\/wp\/v2\/pages"}],"about":[{"href":"https:\/\/centrotest.com\/fr\/wp-json\/wp\/v2\/types\/page"}],"author":[{"embeddable":true,"href":"https:\/\/centrotest.com\/fr\/wp-json\/wp\/v2\/users\/2"}],"replies":[{"embeddable":true,"href":"https:\/\/centrotest.com\/fr\/wp-json\/wp\/v2\/comments?post=2027"}],"version-history":[{"count":1,"href":"https:\/\/centrotest.com\/fr\/wp-json\/wp\/v2\/pages\/2027\/revisions"}],"predecessor-version":[{"id":2028,"href":"https:\/\/centrotest.com\/fr\/wp-json\/wp\/v2\/pages\/2027\/revisions\/2028"}],"up":[{"embeddable":true,"href":"https:\/\/centrotest.com\/fr\/wp-json\/wp\/v2\/pages\/2023"}],"wp:attachment":[{"href":"https:\/\/centrotest.com\/fr\/wp-json\/wp\/v2\/media?parent=2027"}],"curies":[{"name":"wp","href":"https:\/\/api.w.org\/{rel}","templated":true}]}}