{"id":1987,"date":"2024-06-24T15:31:05","date_gmt":"2024-06-24T13:31:05","guid":{"rendered":"https:\/\/centrotest.roiweb.eu\/autres-essais-non-destructifs\/controle-par-ultrasons-des-essieux-ferroviaires\/"},"modified":"2024-08-05T17:20:49","modified_gmt":"2024-08-05T15:20:49","slug":"controle-par-ultrasons-des-essieux-ferroviaires","status":"publish","type":"page","link":"https:\/\/centrotest.com\/fr\/autres-essais-non-destructifs\/controle-par-ultrasons-des-essieux-ferroviaires\/","title":{"rendered":"Contr\u00f4le par ultrasons des essieux ferroviaires"},"content":{"rendered":"\t\t<div data-elementor-type=\"wp-page\" data-elementor-id=\"1987\" class=\"elementor elementor-1987 elementor-1985\" data-elementor-post-type=\"page\">\n\t\t\t\t<div class=\"elementor-element elementor-element-f99e575 e-flex e-con-boxed e-con e-parent\" data-id=\"f99e575\" data-element_type=\"container\" data-settings=\"{&quot;background_background&quot;:&quot;classic&quot;}\" data-core-v316-plus=\"true\">\n\t\t\t\t\t<div class=\"e-con-inner\">\n\t\t\t\t<div class=\"elementor-element elementor-element-565845f elementor-widget elementor-widget-breadcrumbs\" data-id=\"565845f\" data-element_type=\"widget\" data-widget_type=\"breadcrumbs.default\">\n\t\t\t\t<div class=\"elementor-widget-container\">\n\t\t\t<link rel=\"stylesheet\" href=\"https:\/\/centrotest.com\/wp-content\/plugins\/elementor-pro\/assets\/css\/widget-theme-elements.min.css\"><p id=\"breadcrumbs\"><span><span><a href=\"https:\/\/centrotest.com\/\">Home<\/a><\/span><\/span><\/p>\t\t<\/div>\n\t\t\t\t<\/div>\n\t\t\t\t\t<\/div>\n\t\t\t\t<\/div>\n\t\t\t\t<section class=\"elementor-section elementor-top-section elementor-element elementor-element-380bfd46 elementor-section-boxed elementor-section-height-default elementor-section-height-default\" data-id=\"380bfd46\" data-element_type=\"section\" data-settings=\"{&quot;background_background&quot;:&quot;classic&quot;}\">\n\t\t\t\t\t\t<div class=\"elementor-container elementor-column-gap-wide\">\n\t\t\t\t\t<div class=\"elementor-column elementor-col-50 elementor-top-column elementor-element elementor-element-3057bc4d\" data-id=\"3057bc4d\" data-element_type=\"column\">\n\t\t\t<div class=\"elementor-widget-wrap elementor-element-populated\">\n\t\t\t\t\t\t<div class=\"elementor-element elementor-element-1b7087d1 elementor-widget elementor-widget-heading\" data-id=\"1b7087d1\" data-element_type=\"widget\" data-widget_type=\"heading.default\">\n\t\t\t\t<div class=\"elementor-widget-container\">\n\t\t\t<style>\/*! elementor - v3.20.0 - 26-03-2024 *\/\n.elementor-heading-title{padding:0;margin:0;line-height:1}.elementor-widget-heading .elementor-heading-title[class*=elementor-size-]>a{color:inherit;font-size:inherit;line-height:inherit}.elementor-widget-heading .elementor-heading-title.elementor-size-small{font-size:15px}.elementor-widget-heading .elementor-heading-title.elementor-size-medium{font-size:19px}.elementor-widget-heading .elementor-heading-title.elementor-size-large{font-size:29px}.elementor-widget-heading .elementor-heading-title.elementor-size-xl{font-size:39px}.elementor-widget-heading .elementor-heading-title.elementor-size-xxl{font-size:59px}<\/style><h5 class=\"elementor-heading-title elementor-size-default\">CONTR\u00d4LE PAR ULTRASONS DES ESSIEUX FERROVIAIRES<\/h5>\t\t<\/div>\n\t\t\t\t<\/div>\n\t\t\t\t<div class=\"elementor-element elementor-element-b2185b4 elementor-widget elementor-widget-text-editor\" data-id=\"b2185b4\" data-element_type=\"widget\" data-widget_type=\"text-editor.default\">\n\t\t\t\t<div class=\"elementor-widget-container\">\n\t\t\t<style>\/*! elementor - v3.20.0 - 26-03-2024 *\/\n.elementor-widget-text-editor.elementor-drop-cap-view-stacked .elementor-drop-cap{background-color:#69727d;color:#fff}.elementor-widget-text-editor.elementor-drop-cap-view-framed .elementor-drop-cap{color:#69727d;border:3px solid;background-color:transparent}.elementor-widget-text-editor:not(.elementor-drop-cap-view-default) .elementor-drop-cap{margin-top:8px}.elementor-widget-text-editor:not(.elementor-drop-cap-view-default) .elementor-drop-cap-letter{width:1em;height:1em}.elementor-widget-text-editor .elementor-drop-cap{float:left;text-align:center;line-height:1;font-size:50px}.elementor-widget-text-editor .elementor-drop-cap-letter{display:inline-block}<\/style>\t\t\t\t<p>TECHNIQUE UTILIS\u00c9E POUR LA D\u00c9TECTION DE FISSURES INT\u00c9RIEURES DANS LES ESSIEUX FERROVIAIRES<\/p>\n\t\t\t\t\t\t<\/div>\n\t\t\t\t<\/div>\n\t\t\t\t\t<\/div>\n\t\t<\/div>\n\t\t\t\t<div class=\"elementor-column elementor-col-50 elementor-top-column elementor-element elementor-element-26a4aade\" data-id=\"26a4aade\" data-element_type=\"column\">\n\t\t\t<div class=\"elementor-widget-wrap elementor-element-populated\">\n\t\t\t\t\t\t<div class=\"elementor-element elementor-element-2cd03bc elementor--h-position-center elementor--v-position-middle elementor-arrows-position-inside elementor-widget elementor-widget-slides\" data-id=\"2cd03bc\" data-element_type=\"widget\" data-settings=\"{&quot;navigation&quot;:&quot;arrows&quot;,&quot;autoplay_speed&quot;:2500,&quot;transition&quot;:&quot;fade&quot;,&quot;transition_speed&quot;:100,&quot;autoplay&quot;:&quot;yes&quot;,&quot;pause_on_hover&quot;:&quot;yes&quot;,&quot;pause_on_interaction&quot;:&quot;yes&quot;,&quot;infinite&quot;:&quot;yes&quot;}\" data-widget_type=\"slides.default\">\n\t\t\t\t<div class=\"elementor-widget-container\">\n\t\t\t<style>\/*! elementor-pro - v3.20.0 - 26-03-2024 *\/\n.elementor-slides .swiper-slide-bg{background-size:cover;background-position:50%;background-repeat:no-repeat;min-width:100%;min-height:100%}.elementor-slides .swiper-slide-inner{background-repeat:no-repeat;background-position:50%;position:absolute;top:0;left:0;bottom:0;right:0;padding:50px;margin:auto}.elementor-slides .swiper-slide-inner,.elementor-slides .swiper-slide-inner:hover{color:#fff;display:flex}.elementor-slides .swiper-slide-inner .elementor-background-overlay{position:absolute;z-index:0;top:0;bottom:0;left:0;right:0}.elementor-slides .swiper-slide-inner .elementor-slide-content{position:relative;z-index:1;width:100%}.elementor-slides .swiper-slide-inner .elementor-slide-heading{font-size:35px;font-weight:700;line-height:1}.elementor-slides .swiper-slide-inner .elementor-slide-description{font-size:17px;line-height:1.4}.elementor-slides .swiper-slide-inner .elementor-slide-description:not(:last-child),.elementor-slides .swiper-slide-inner .elementor-slide-heading:not(:last-child){margin-bottom:30px}.elementor-slides .swiper-slide-inner .elementor-slide-button{border:2px solid #fff;color:#fff;background:transparent;display:inline-block}.elementor-slides .swiper-slide-inner .elementor-slide-button,.elementor-slides .swiper-slide-inner .elementor-slide-button:hover{background:transparent;color:inherit;text-decoration:none}.elementor--v-position-top .swiper-slide-inner{align-items:flex-start}.elementor--v-position-bottom .swiper-slide-inner{align-items:flex-end}.elementor--v-position-middle .swiper-slide-inner{align-items:center}.elementor--h-position-left .swiper-slide-inner{justify-content:flex-start}.elementor--h-position-right .swiper-slide-inner{justify-content:flex-end}.elementor--h-position-center .swiper-slide-inner{justify-content:center}body.rtl .elementor-widget-slides .elementor-swiper-button-next{left:10px;right:auto}body.rtl .elementor-widget-slides .elementor-swiper-button-prev{right:10px;left:auto}.elementor-slides-wrapper div:not(.swiper-slide)>.swiper-slide-inner{display:none}@media (max-width:767px){.elementor-slides .swiper-slide-inner{padding:30px}.elementor-slides .swiper-slide-inner .elementor-slide-heading{font-size:23px;line-height:1;margin-bottom:15px}.elementor-slides .swiper-slide-inner .elementor-slide-description{font-size:13px;line-height:1.4;margin-bottom:15px}}<\/style>\t\t<div class=\"elementor-swiper\">\n\t\t\t<div class=\"elementor-slides-wrapper elementor-main-swiper swiper\" dir=\"ltr\" data-animation=\"fadeInUp\">\n\t\t\t\t<div class=\"swiper-wrapper elementor-slides\">\n\t\t\t\t\t\t\t\t\t\t<div class=\"elementor-repeater-item-96e727f swiper-slide\"><div class=\"swiper-slide-bg elementor-ken-burns elementor-ken-burns--in\" role=\"img\"><\/div><div class=\"swiper-slide-inner\" ><div class=\"swiper-slide-contents\"><\/div><\/div><\/div><div class=\"elementor-repeater-item-285bf6a swiper-slide\"><div class=\"swiper-slide-bg elementor-ken-burns elementor-ken-burns--in\" role=\"img\"><\/div><div class=\"swiper-slide-inner\" ><div class=\"swiper-slide-contents\"><\/div><\/div><\/div><div class=\"elementor-repeater-item-fba44dd swiper-slide\"><div class=\"swiper-slide-bg elementor-ken-burns elementor-ken-burns--in\" role=\"img\"><\/div><div class=\"swiper-slide-inner\" ><div class=\"swiper-slide-contents\"><\/div><\/div><\/div>\t\t\t\t<\/div>\n\t\t\t\t\t\t\t\t\t\t\t\t\t\t\t\t\t\t\t\t<div class=\"elementor-swiper-button elementor-swiper-button-prev\" role=\"button\" tabindex=\"0\">\n\t\t\t\t\t\t\t<svg aria-hidden=\"true\" class=\"e-font-icon-svg e-eicon-chevron-left\" viewBox=\"0 0 1000 1000\" xmlns=\"http:\/\/www.w3.org\/2000\/svg\"><path d=\"M646 125C629 125 613 133 604 142L308 442C296 454 292 471 292 487 292 504 296 521 308 533L604 854C617 867 629 875 646 875 663 875 679 871 692 858 704 846 713 829 713 812 713 796 708 779 692 767L438 487 692 225C700 217 708 204 708 187 708 171 704 154 692 142 675 129 663 125 646 125Z\"><\/path><\/svg>\t\t\t\t\t\t\t<span class=\"elementor-screen-only\">Diapositive pr\u00e9c\u00e9dente<\/span>\n\t\t\t\t\t\t<\/div>\n\t\t\t\t\t\t<div class=\"elementor-swiper-button elementor-swiper-button-next\" role=\"button\" tabindex=\"0\">\n\t\t\t\t\t\t\t<svg aria-hidden=\"true\" class=\"e-font-icon-svg e-eicon-chevron-right\" viewBox=\"0 0 1000 1000\" xmlns=\"http:\/\/www.w3.org\/2000\/svg\"><path d=\"M696 533C708 521 713 504 713 487 713 471 708 454 696 446L400 146C388 133 375 125 354 125 338 125 325 129 313 142 300 154 292 171 292 187 292 204 296 221 308 233L563 492 304 771C292 783 288 800 288 817 288 833 296 850 308 863 321 871 338 875 354 875 371 875 388 867 400 854L696 533Z\"><\/path><\/svg>\t\t\t\t\t\t\t<span class=\"elementor-screen-only\">Diapositive suivante<\/span>\n\t\t\t\t\t\t<\/div>\n\t\t\t\t\t\t\t\t\t\t\t\t<\/div>\n\t\t<\/div>\n\t\t\t\t<\/div>\n\t\t\t\t<\/div>\n\t\t\t\t\t<\/div>\n\t\t<\/div>\n\t\t\t\t\t<\/div>\n\t\t<\/section>\n\t\t\t\t<section class=\"elementor-section elementor-top-section elementor-element elementor-element-e677cd5 animated-slow elementor-section-boxed elementor-section-height-default elementor-section-height-default elementor-invisible\" data-id=\"e677cd5\" data-element_type=\"section\" data-settings=\"{&quot;background_background&quot;:&quot;classic&quot;,&quot;animation&quot;:&quot;fadeInUp&quot;}\">\n\t\t\t\t\t\t<div class=\"elementor-container elementor-column-gap-wide\">\n\t\t\t\t\t<div class=\"elementor-column elementor-col-66 elementor-top-column elementor-element elementor-element-6457a9e1\" data-id=\"6457a9e1\" data-element_type=\"column\">\n\t\t\t<div class=\"elementor-widget-wrap elementor-element-populated\">\n\t\t\t\t\t\t<div class=\"elementor-element elementor-element-b795cff elementor-widget elementor-widget-text-editor\" data-id=\"b795cff\" data-element_type=\"widget\" data-widget_type=\"text-editor.default\">\n\t\t\t\t<div class=\"elementor-widget-container\">\n\t\t\t\t\t\t\t<p>LA M\u00c9THODE<\/p>\n\t\t\t\t\t\t<\/div>\n\t\t\t\t<\/div>\n\t\t\t\t<div class=\"elementor-element elementor-element-2e64f7d elementor-widget elementor-widget-text-editor\" data-id=\"2e64f7d\" data-element_type=\"widget\" data-widget_type=\"text-editor.default\">\n\t\t\t\t<div class=\"elementor-widget-container\">\n\t\t\t\t\t\t\t<p>Depuis plus de 10 ans, notre soci\u00e9t\u00e9 est \u00e9galement active dans le domaine de l&rsquo;<strong>entretien ferroviaire.<\/strong> Les composants m\u00e9caniques des v\u00e9hicules de mat\u00e9riel roulant n\u00e9cessitent une <strong>analyse p\u00e9riodique et approfondie<\/strong> pour \u00e9viter tout \u00e9l\u00e9ment critique.<\/p>\n<p>Les essieux ferroviaires, en particulier, pour la fonction qu&rsquo;ils ont et les contraintes auxquelles ils sont soumis, peuvent facilement \u00eatre compromis par des fissures internes, qui nuisent \u00e0 leur fiabilit\u00e9 et \u00e0 leur s\u00e9curit\u00e9. \u00c0 cet \u00e9gard, au cours des derni\u00e8res ann\u00e9es, une <strong>large gamme de technologies innovantes pour le contr\u00f4le non destructif<\/strong> de ces pi\u00e8ces a vu le jour:<\/p>\n\t\t\t\t\t\t<\/div>\n\t\t\t\t<\/div>\n\t\t\t\t<div class=\"elementor-element elementor-element-3df95e3 elementor-widget elementor-widget-text-editor\" data-id=\"3df95e3\" data-element_type=\"widget\" data-widget_type=\"text-editor.default\">\n\t\t\t\t<div class=\"elementor-widget-container\">\n\t\t\t\t\t\t\t<ul>\n<li>Test par ultrasons avec technique de borosonda<\/li>\n<li>Test par ultrasons avec technique multi\u00e9l\u00e9ments<\/li>\n<\/ul>\n\t\t\t\t\t\t<\/div>\n\t\t\t\t<\/div>\n\t\t\t\t<div class=\"elementor-element elementor-element-05dd2b0 elementor-widget elementor-widget-text-editor\" data-id=\"05dd2b0\" data-element_type=\"widget\" data-widget_type=\"text-editor.default\">\n\t\t\t\t<div class=\"elementor-widget-container\">\n\t\t\t\t\t\t\t<p>Ces contr\u00f4les sont effectu\u00e9s par nos soins avec du personnel qualifi\u00e9 titulaire du certificat III niveau UIC 960.<\/p>\n<p>Pour le secteur ferroviaire, contr\u00f4les par ultrasons ou par rayons X (num\u00e9riques ou traditionnels) sur les joints de voie.<br \/>\n\u00c0 cette fin, notre soci\u00e9t\u00e9 a des \u00e9chantillons d&rsquo;\u00e9chantillons avec des d\u00e9fauts connus pour l&rsquo;\u00e9talonnage de l&rsquo;\u00e9quipement, ou pour les besoins de d\u00e9monstration.<\/p>\n\t\t\t\t\t\t<\/div>\n\t\t\t\t<\/div>\n\t\t\t\t\t<\/div>\n\t\t<\/div>\n\t\t\t\t<div class=\"elementor-column elementor-col-33 elementor-top-column elementor-element elementor-element-29c0423\" data-id=\"29c0423\" data-element_type=\"column\">\n\t\t\t<div class=\"elementor-widget-wrap elementor-element-populated\">\n\t\t\t\t\t\t<div class=\"elementor-element elementor-element-54c088c elementor-widget elementor-widget-image\" data-id=\"54c088c\" data-element_type=\"widget\" data-widget_type=\"image.default\">\n\t\t\t\t<div class=\"elementor-widget-container\">\n\t\t\t<style>\/*! elementor - v3.20.0 - 26-03-2024 *\/\n.elementor-widget-image{text-align:center}.elementor-widget-image a{display:inline-block}.elementor-widget-image a img[src$=\".svg\"]{width:48px}.elementor-widget-image img{vertical-align:middle;display:inline-block}<\/style>\t\t\t\t\t\t\t\t\t\t<img fetchpriority=\"high\" decoding=\"async\" width=\"700\" height=\"300\" src=\"https:\/\/centrotest.com\/wp-content\/uploads\/2024\/06\/IMG_20180323_165947-700x300-2.jpg\" class=\"attachment-large size-large wp-image-865\" alt=\"\" srcset=\"https:\/\/centrotest.com\/wp-content\/uploads\/2024\/06\/IMG_20180323_165947-700x300-2.jpg 700w, https:\/\/centrotest.com\/wp-content\/uploads\/2024\/06\/IMG_20180323_165947-700x300-2-300x129.jpg 300w\" sizes=\"(max-width: 700px) 100vw, 700px\" \/>\t\t\t\t\t\t\t\t\t\t\t\t\t<\/div>\n\t\t\t\t<\/div>\n\t\t\t\t<div class=\"elementor-element elementor-element-6c76851 elementor-widget elementor-widget-image\" data-id=\"6c76851\" data-element_type=\"widget\" data-widget_type=\"image.default\">\n\t\t\t\t<div class=\"elementor-widget-container\">\n\t\t\t\t\t\t\t\t\t\t\t\t\t<img decoding=\"async\" width=\"700\" height=\"300\" src=\"https:\/\/centrotest.com\/wp-content\/uploads\/2024\/06\/IMG_20180210_100541-700x300-2.jpg\" class=\"attachment-large size-large wp-image-863\" alt=\"\" srcset=\"https:\/\/centrotest.com\/wp-content\/uploads\/2024\/06\/IMG_20180210_100541-700x300-2.jpg 700w, https:\/\/centrotest.com\/wp-content\/uploads\/2024\/06\/IMG_20180210_100541-700x300-2-300x129.jpg 300w\" sizes=\"(max-width: 700px) 100vw, 700px\" \/>\t\t\t\t\t\t\t\t\t\t\t\t\t<\/div>\n\t\t\t\t<\/div>\n\t\t\t\t\t<\/div>\n\t\t<\/div>\n\t\t\t\t\t<\/div>\n\t\t<\/section>\n\t\t\t\t<\/div>\n\t\t","protected":false},"excerpt":{"rendered":"<p>CONTR\u00d4LE PAR ULTRASONS DES ESSIEUX FERROVIAIRES TECHNIQUE UTILIS\u00c9E POUR LA D\u00c9TECTION DE FISSURES INT\u00c9RIEURES DANS LES ESSIEUX FERROVIAIRES Previous slide Next slide LA M\u00c9THODE Depuis plus de 10 ans, notre soci\u00e9t\u00e9 est \u00e9galement active dans le domaine de l&rsquo;entretien ferroviaire. Les composants m\u00e9caniques des v\u00e9hicules de mat\u00e9riel roulant n\u00e9cessitent une analyse p\u00e9riodique et approfondie pour [&hellip;]<\/p>\n","protected":false},"author":2,"featured_media":0,"parent":1977,"menu_order":0,"comment_status":"closed","ping_status":"closed","template":"elementor_header_footer","meta":{"footnotes":""},"class_list":["post-1987","page","type-page","status-publish","hentry"],"yoast_head":"<!-- This site is optimized with the Yoast SEO plugin v22.2 - https:\/\/yoast.com\/wordpress\/plugins\/seo\/ -->\n<title>Contr\u00f4le par ultrasons des essieux ferroviaires - CENTROTEST Terni<\/title>\n<meta name=\"robots\" content=\"index, follow, max-snippet:-1, max-image-preview:large, max-video-preview:-1\" \/>\n<link rel=\"canonical\" href=\"https:\/\/centrotest.com\/altri-tipi-di-prove\/controllo-ultrasonoro-degli-assili-ferroviari\/\" \/>\n<meta property=\"og:locale\" content=\"fr_FR\" \/>\n<meta property=\"og:type\" content=\"article\" \/>\n<meta property=\"og:title\" content=\"Contr\u00f4le par ultrasons des essieux ferroviaires - CENTROTEST Terni\" \/>\n<meta property=\"og:description\" content=\"CONTR\u00d4LE PAR ULTRASONS DES ESSIEUX FERROVIAIRES TECHNIQUE UTILIS\u00c9E POUR LA D\u00c9TECTION DE FISSURES INT\u00c9RIEURES DANS LES ESSIEUX FERROVIAIRES Previous slide Next slide LA M\u00c9THODE Depuis plus de 10 ans, notre soci\u00e9t\u00e9 est \u00e9galement active dans le domaine de l&rsquo;entretien ferroviaire. Les composants m\u00e9caniques des v\u00e9hicules de mat\u00e9riel roulant n\u00e9cessitent une analyse p\u00e9riodique et approfondie pour [&hellip;]\" \/>\n<meta property=\"og:url\" content=\"https:\/\/centrotest.com\/altri-tipi-di-prove\/controllo-ultrasonoro-degli-assili-ferroviari\/\" \/>\n<meta property=\"og:site_name\" content=\"CENTROTEST Terni\" \/>\n<meta property=\"article:modified_time\" content=\"2024-08-05T15:20:49+00:00\" \/>\n<meta property=\"og:image\" content=\"https:\/\/centrotest.com\/wp-content\/uploads\/2024\/06\/IMG_20180323_165947-700x300-2.jpg\" \/>\n<meta name=\"twitter:card\" content=\"summary_large_image\" \/>\n<meta name=\"twitter:label1\" content=\"Dur\u00e9e de lecture estim\u00e9e\" \/>\n\t<meta name=\"twitter:data1\" content=\"1 minute\" \/>\n<script type=\"application\/ld+json\" class=\"yoast-schema-graph\">{\"@context\":\"https:\/\/schema.org\",\"@graph\":[{\"@type\":\"WebPage\",\"@id\":\"https:\/\/centrotest.com\/altri-tipi-di-prove\/controllo-ultrasonoro-degli-assili-ferroviari\/\",\"url\":\"https:\/\/centrotest.com\/altri-tipi-di-prove\/controllo-ultrasonoro-degli-assili-ferroviari\/\",\"name\":\"Contr\u00f4le par ultrasons des essieux ferroviaires - CENTROTEST Terni\",\"isPartOf\":{\"@id\":\"https:\/\/centrotest.com\/#website\"},\"primaryImageOfPage\":{\"@id\":\"https:\/\/centrotest.com\/altri-tipi-di-prove\/controllo-ultrasonoro-degli-assili-ferroviari\/#primaryimage\"},\"image\":{\"@id\":\"https:\/\/centrotest.com\/altri-tipi-di-prove\/controllo-ultrasonoro-degli-assili-ferroviari\/#primaryimage\"},\"thumbnailUrl\":\"https:\/\/centrotest.com\/wp-content\/uploads\/2024\/06\/IMG_20180323_165947-700x300-2.jpg\",\"datePublished\":\"2024-06-24T13:31:05+00:00\",\"dateModified\":\"2024-08-05T15:20:49+00:00\",\"breadcrumb\":{\"@id\":\"https:\/\/centrotest.com\/altri-tipi-di-prove\/controllo-ultrasonoro-degli-assili-ferroviari\/#breadcrumb\"},\"inLanguage\":\"fr-FR\",\"potentialAction\":[{\"@type\":\"ReadAction\",\"target\":[\"https:\/\/centrotest.com\/altri-tipi-di-prove\/controllo-ultrasonoro-degli-assili-ferroviari\/\"]}]},{\"@type\":\"ImageObject\",\"inLanguage\":\"fr-FR\",\"@id\":\"https:\/\/centrotest.com\/altri-tipi-di-prove\/controllo-ultrasonoro-degli-assili-ferroviari\/#primaryimage\",\"url\":\"https:\/\/centrotest.com\/wp-content\/uploads\/2024\/06\/IMG_20180323_165947-700x300-2.jpg\",\"contentUrl\":\"https:\/\/centrotest.com\/wp-content\/uploads\/2024\/06\/IMG_20180323_165947-700x300-2.jpg\",\"width\":700,\"height\":300},{\"@type\":\"BreadcrumbList\",\"@id\":\"https:\/\/centrotest.com\/altri-tipi-di-prove\/controllo-ultrasonoro-degli-assili-ferroviari\/#breadcrumb\",\"itemListElement\":[{\"@type\":\"ListItem\",\"position\":1,\"name\":\"Home\",\"item\":\"https:\/\/centrotest.com\/\"},{\"@type\":\"ListItem\",\"position\":2,\"name\":\"Autres essais non destructifs\",\"item\":\"https:\/\/centrotest.com\/altri-tipi-di-prove\/\"},{\"@type\":\"ListItem\",\"position\":3,\"name\":\"Contr\u00f4le par ultrasons des essieux ferroviaires\"}]},{\"@type\":\"WebSite\",\"@id\":\"https:\/\/centrotest.com\/#website\",\"url\":\"https:\/\/centrotest.com\/\",\"name\":\"CENTROTEST Terni\",\"description\":\"controlli non distruttivi e dimensionali in tutta italia\",\"publisher\":{\"@id\":\"https:\/\/centrotest.com\/#organization\"},\"potentialAction\":[{\"@type\":\"SearchAction\",\"target\":{\"@type\":\"EntryPoint\",\"urlTemplate\":\"https:\/\/centrotest.com\/?s={search_term_string}\"},\"query-input\":\"required name=search_term_string\"}],\"inLanguage\":\"fr-FR\"},{\"@type\":\"Organization\",\"@id\":\"https:\/\/centrotest.com\/#organization\",\"name\":\"CENTROTEST Terni\",\"url\":\"https:\/\/centrotest.com\/\",\"logo\":{\"@type\":\"ImageObject\",\"inLanguage\":\"fr-FR\",\"@id\":\"https:\/\/centrotest.com\/#\/schema\/logo\/image\/\",\"url\":\"https:\/\/centrotest.com\/wp-content\/uploads\/2024\/03\/LOGO-BIANCO-1.png\",\"contentUrl\":\"https:\/\/centrotest.com\/wp-content\/uploads\/2024\/03\/LOGO-BIANCO-1.png\",\"width\":1006,\"height\":206,\"caption\":\"CENTROTEST Terni\"},\"image\":{\"@id\":\"https:\/\/centrotest.com\/#\/schema\/logo\/image\/\"}}]}<\/script>\n<!-- \/ Yoast SEO plugin. -->","yoast_head_json":{"title":"Contr\u00f4le par ultrasons des essieux ferroviaires - CENTROTEST Terni","robots":{"index":"index","follow":"follow","max-snippet":"max-snippet:-1","max-image-preview":"max-image-preview:large","max-video-preview":"max-video-preview:-1"},"canonical":"https:\/\/centrotest.com\/altri-tipi-di-prove\/controllo-ultrasonoro-degli-assili-ferroviari\/","og_locale":"fr_FR","og_type":"article","og_title":"Contr\u00f4le par ultrasons des essieux ferroviaires - CENTROTEST Terni","og_description":"CONTR\u00d4LE PAR ULTRASONS DES ESSIEUX FERROVIAIRES TECHNIQUE UTILIS\u00c9E POUR LA D\u00c9TECTION DE FISSURES INT\u00c9RIEURES DANS LES ESSIEUX FERROVIAIRES Previous slide Next slide LA M\u00c9THODE Depuis plus de 10 ans, notre soci\u00e9t\u00e9 est \u00e9galement active dans le domaine de l&rsquo;entretien ferroviaire. Les composants m\u00e9caniques des v\u00e9hicules de mat\u00e9riel roulant n\u00e9cessitent une analyse p\u00e9riodique et approfondie pour [&hellip;]","og_url":"https:\/\/centrotest.com\/altri-tipi-di-prove\/controllo-ultrasonoro-degli-assili-ferroviari\/","og_site_name":"CENTROTEST Terni","article_modified_time":"2024-08-05T15:20:49+00:00","og_image":[{"url":"https:\/\/centrotest.com\/wp-content\/uploads\/2024\/06\/IMG_20180323_165947-700x300-2.jpg"}],"twitter_card":"summary_large_image","twitter_misc":{"Dur\u00e9e de lecture estim\u00e9e":"1 minute"},"schema":{"@context":"https:\/\/schema.org","@graph":[{"@type":"WebPage","@id":"https:\/\/centrotest.com\/altri-tipi-di-prove\/controllo-ultrasonoro-degli-assili-ferroviari\/","url":"https:\/\/centrotest.com\/altri-tipi-di-prove\/controllo-ultrasonoro-degli-assili-ferroviari\/","name":"Contr\u00f4le par ultrasons des essieux ferroviaires - CENTROTEST Terni","isPartOf":{"@id":"https:\/\/centrotest.com\/#website"},"primaryImageOfPage":{"@id":"https:\/\/centrotest.com\/altri-tipi-di-prove\/controllo-ultrasonoro-degli-assili-ferroviari\/#primaryimage"},"image":{"@id":"https:\/\/centrotest.com\/altri-tipi-di-prove\/controllo-ultrasonoro-degli-assili-ferroviari\/#primaryimage"},"thumbnailUrl":"https:\/\/centrotest.com\/wp-content\/uploads\/2024\/06\/IMG_20180323_165947-700x300-2.jpg","datePublished":"2024-06-24T13:31:05+00:00","dateModified":"2024-08-05T15:20:49+00:00","breadcrumb":{"@id":"https:\/\/centrotest.com\/altri-tipi-di-prove\/controllo-ultrasonoro-degli-assili-ferroviari\/#breadcrumb"},"inLanguage":"fr-FR","potentialAction":[{"@type":"ReadAction","target":["https:\/\/centrotest.com\/altri-tipi-di-prove\/controllo-ultrasonoro-degli-assili-ferroviari\/"]}]},{"@type":"ImageObject","inLanguage":"fr-FR","@id":"https:\/\/centrotest.com\/altri-tipi-di-prove\/controllo-ultrasonoro-degli-assili-ferroviari\/#primaryimage","url":"https:\/\/centrotest.com\/wp-content\/uploads\/2024\/06\/IMG_20180323_165947-700x300-2.jpg","contentUrl":"https:\/\/centrotest.com\/wp-content\/uploads\/2024\/06\/IMG_20180323_165947-700x300-2.jpg","width":700,"height":300},{"@type":"BreadcrumbList","@id":"https:\/\/centrotest.com\/altri-tipi-di-prove\/controllo-ultrasonoro-degli-assili-ferroviari\/#breadcrumb","itemListElement":[{"@type":"ListItem","position":1,"name":"Home","item":"https:\/\/centrotest.com\/"},{"@type":"ListItem","position":2,"name":"Autres essais non destructifs","item":"https:\/\/centrotest.com\/altri-tipi-di-prove\/"},{"@type":"ListItem","position":3,"name":"Contr\u00f4le par ultrasons des essieux ferroviaires"}]},{"@type":"WebSite","@id":"https:\/\/centrotest.com\/#website","url":"https:\/\/centrotest.com\/","name":"CENTROTEST Terni","description":"controlli non distruttivi e dimensionali in tutta italia","publisher":{"@id":"https:\/\/centrotest.com\/#organization"},"potentialAction":[{"@type":"SearchAction","target":{"@type":"EntryPoint","urlTemplate":"https:\/\/centrotest.com\/?s={search_term_string}"},"query-input":"required name=search_term_string"}],"inLanguage":"fr-FR"},{"@type":"Organization","@id":"https:\/\/centrotest.com\/#organization","name":"CENTROTEST Terni","url":"https:\/\/centrotest.com\/","logo":{"@type":"ImageObject","inLanguage":"fr-FR","@id":"https:\/\/centrotest.com\/#\/schema\/logo\/image\/","url":"https:\/\/centrotest.com\/wp-content\/uploads\/2024\/03\/LOGO-BIANCO-1.png","contentUrl":"https:\/\/centrotest.com\/wp-content\/uploads\/2024\/03\/LOGO-BIANCO-1.png","width":1006,"height":206,"caption":"CENTROTEST Terni"},"image":{"@id":"https:\/\/centrotest.com\/#\/schema\/logo\/image\/"}}]}},"_links":{"self":[{"href":"https:\/\/centrotest.com\/fr\/wp-json\/wp\/v2\/pages\/1987","targetHints":{"allow":["GET"]}}],"collection":[{"href":"https:\/\/centrotest.com\/fr\/wp-json\/wp\/v2\/pages"}],"about":[{"href":"https:\/\/centrotest.com\/fr\/wp-json\/wp\/v2\/types\/page"}],"author":[{"embeddable":true,"href":"https:\/\/centrotest.com\/fr\/wp-json\/wp\/v2\/users\/2"}],"replies":[{"embeddable":true,"href":"https:\/\/centrotest.com\/fr\/wp-json\/wp\/v2\/comments?post=1987"}],"version-history":[{"count":1,"href":"https:\/\/centrotest.com\/fr\/wp-json\/wp\/v2\/pages\/1987\/revisions"}],"predecessor-version":[{"id":1988,"href":"https:\/\/centrotest.com\/fr\/wp-json\/wp\/v2\/pages\/1987\/revisions\/1988"}],"up":[{"embeddable":true,"href":"https:\/\/centrotest.com\/fr\/wp-json\/wp\/v2\/pages\/1977"}],"wp:attachment":[{"href":"https:\/\/centrotest.com\/fr\/wp-json\/wp\/v2\/media?parent=1987"}],"curies":[{"name":"wp","href":"https:\/\/api.w.org\/{rel}","templated":true}]}}