{"id":1979,"date":"2024-07-26T15:48:36","date_gmt":"2024-07-26T13:48:36","guid":{"rendered":"https:\/\/centrotest.roiweb.eu\/autres-essais-non-destructifs\/analyse-des-gaz-et-des-fumees\/"},"modified":"2024-08-05T17:17:07","modified_gmt":"2024-08-05T15:17:07","slug":"analyse-des-gaz-et-des-fumees","status":"publish","type":"page","link":"https:\/\/centrotest.com\/fr\/autres-essais-non-destructifs\/analyse-des-gaz-et-des-fumees\/","title":{"rendered":"Analyse des gaz et des fum\u00e9es"},"content":{"rendered":"\t\t<div data-elementor-type=\"wp-page\" data-elementor-id=\"1979\" class=\"elementor elementor-1979 elementor-1621\" data-elementor-post-type=\"page\">\n\t\t\t\t<div class=\"elementor-element elementor-element-f99e575 e-flex e-con-boxed e-con e-parent\" data-id=\"f99e575\" data-element_type=\"container\" data-settings=\"{&quot;background_background&quot;:&quot;classic&quot;}\" data-core-v316-plus=\"true\">\n\t\t\t\t\t<div class=\"e-con-inner\">\n\t\t\t\t<div class=\"elementor-element elementor-element-565845f elementor-widget elementor-widget-breadcrumbs\" data-id=\"565845f\" data-element_type=\"widget\" data-widget_type=\"breadcrumbs.default\">\n\t\t\t\t<div class=\"elementor-widget-container\">\n\t\t\t<link rel=\"stylesheet\" href=\"https:\/\/centrotest.com\/wp-content\/plugins\/elementor-pro\/assets\/css\/widget-theme-elements.min.css\"><p id=\"breadcrumbs\"><span><span><a href=\"https:\/\/centrotest.com\/\">Home<\/a><\/span><\/span><\/p>\t\t<\/div>\n\t\t\t\t<\/div>\n\t\t\t\t\t<\/div>\n\t\t\t\t<\/div>\n\t\t\t\t<section class=\"elementor-section elementor-top-section elementor-element elementor-element-380bfd46 elementor-section-boxed elementor-section-height-default elementor-section-height-default\" data-id=\"380bfd46\" data-element_type=\"section\" data-settings=\"{&quot;background_background&quot;:&quot;classic&quot;}\">\n\t\t\t\t\t\t<div class=\"elementor-container elementor-column-gap-wide\">\n\t\t\t\t\t<div class=\"elementor-column elementor-col-50 elementor-top-column elementor-element elementor-element-3057bc4d\" data-id=\"3057bc4d\" data-element_type=\"column\">\n\t\t\t<div class=\"elementor-widget-wrap elementor-element-populated\">\n\t\t\t\t\t\t<div class=\"elementor-element elementor-element-1b7087d1 elementor-widget elementor-widget-heading\" data-id=\"1b7087d1\" data-element_type=\"widget\" data-widget_type=\"heading.default\">\n\t\t\t\t<div class=\"elementor-widget-container\">\n\t\t\t<style>\/*! elementor - v3.20.0 - 26-03-2024 *\/\n.elementor-heading-title{padding:0;margin:0;line-height:1}.elementor-widget-heading .elementor-heading-title[class*=elementor-size-]>a{color:inherit;font-size:inherit;line-height:inherit}.elementor-widget-heading .elementor-heading-title.elementor-size-small{font-size:15px}.elementor-widget-heading .elementor-heading-title.elementor-size-medium{font-size:19px}.elementor-widget-heading .elementor-heading-title.elementor-size-large{font-size:29px}.elementor-widget-heading .elementor-heading-title.elementor-size-xl{font-size:39px}.elementor-widget-heading .elementor-heading-title.elementor-size-xxl{font-size:59px}<\/style><h5 class=\"elementor-heading-title elementor-size-default\">ANALYSE DES GAZ ET DES FUM\u00c9ES<\/h5>\t\t<\/div>\n\t\t\t\t<\/div>\n\t\t\t\t<div class=\"elementor-element elementor-element-b2185b4 elementor-widget elementor-widget-text-editor\" data-id=\"b2185b4\" data-element_type=\"widget\" data-widget_type=\"text-editor.default\">\n\t\t\t\t<div class=\"elementor-widget-container\">\n\t\t\t<style>\/*! elementor - v3.20.0 - 26-03-2024 *\/\n.elementor-widget-text-editor.elementor-drop-cap-view-stacked .elementor-drop-cap{background-color:#69727d;color:#fff}.elementor-widget-text-editor.elementor-drop-cap-view-framed .elementor-drop-cap{color:#69727d;border:3px solid;background-color:transparent}.elementor-widget-text-editor:not(.elementor-drop-cap-view-default) .elementor-drop-cap{margin-top:8px}.elementor-widget-text-editor:not(.elementor-drop-cap-view-default) .elementor-drop-cap-letter{width:1em;height:1em}.elementor-widget-text-editor .elementor-drop-cap{float:left;text-align:center;line-height:1;font-size:50px}.elementor-widget-text-editor .elementor-drop-cap-letter{display:inline-block}<\/style>\t\t\t\t<p>L&rsquo;ACTIVIT\u00c9 D&rsquo;ANALYSE A LIEU PRINCIPALEMENT DANS LES USINES O\u00d9 UN CONTR\u00d4LE P\u00c9RIODIQUE DES FUM\u00c9ES ET DES M\u00c9LANGES DE GAZ CONTENUS DANS LES TUYAUX EST REQUIS<\/p>\n\t\t\t\t\t\t<\/div>\n\t\t\t\t<\/div>\n\t\t\t\t\t<\/div>\n\t\t<\/div>\n\t\t\t\t<div class=\"elementor-column elementor-col-50 elementor-top-column elementor-element elementor-element-26a4aade\" data-id=\"26a4aade\" data-element_type=\"column\">\n\t\t\t<div class=\"elementor-widget-wrap elementor-element-populated\">\n\t\t\t\t\t\t<div class=\"elementor-element elementor-element-2cd03bc elementor--h-position-center elementor--v-position-middle elementor-arrows-position-inside elementor-widget elementor-widget-slides\" data-id=\"2cd03bc\" data-element_type=\"widget\" data-settings=\"{&quot;navigation&quot;:&quot;arrows&quot;,&quot;autoplay_speed&quot;:2500,&quot;transition&quot;:&quot;fade&quot;,&quot;transition_speed&quot;:100,&quot;autoplay&quot;:&quot;yes&quot;,&quot;pause_on_hover&quot;:&quot;yes&quot;,&quot;pause_on_interaction&quot;:&quot;yes&quot;,&quot;infinite&quot;:&quot;yes&quot;}\" data-widget_type=\"slides.default\">\n\t\t\t\t<div class=\"elementor-widget-container\">\n\t\t\t<style>\/*! elementor-pro - v3.20.0 - 26-03-2024 *\/\n.elementor-slides .swiper-slide-bg{background-size:cover;background-position:50%;background-repeat:no-repeat;min-width:100%;min-height:100%}.elementor-slides .swiper-slide-inner{background-repeat:no-repeat;background-position:50%;position:absolute;top:0;left:0;bottom:0;right:0;padding:50px;margin:auto}.elementor-slides .swiper-slide-inner,.elementor-slides .swiper-slide-inner:hover{color:#fff;display:flex}.elementor-slides .swiper-slide-inner .elementor-background-overlay{position:absolute;z-index:0;top:0;bottom:0;left:0;right:0}.elementor-slides .swiper-slide-inner .elementor-slide-content{position:relative;z-index:1;width:100%}.elementor-slides .swiper-slide-inner .elementor-slide-heading{font-size:35px;font-weight:700;line-height:1}.elementor-slides .swiper-slide-inner .elementor-slide-description{font-size:17px;line-height:1.4}.elementor-slides .swiper-slide-inner .elementor-slide-description:not(:last-child),.elementor-slides .swiper-slide-inner .elementor-slide-heading:not(:last-child){margin-bottom:30px}.elementor-slides .swiper-slide-inner .elementor-slide-button{border:2px solid #fff;color:#fff;background:transparent;display:inline-block}.elementor-slides .swiper-slide-inner .elementor-slide-button,.elementor-slides .swiper-slide-inner .elementor-slide-button:hover{background:transparent;color:inherit;text-decoration:none}.elementor--v-position-top .swiper-slide-inner{align-items:flex-start}.elementor--v-position-bottom .swiper-slide-inner{align-items:flex-end}.elementor--v-position-middle .swiper-slide-inner{align-items:center}.elementor--h-position-left .swiper-slide-inner{justify-content:flex-start}.elementor--h-position-right .swiper-slide-inner{justify-content:flex-end}.elementor--h-position-center .swiper-slide-inner{justify-content:center}body.rtl .elementor-widget-slides .elementor-swiper-button-next{left:10px;right:auto}body.rtl .elementor-widget-slides .elementor-swiper-button-prev{right:10px;left:auto}.elementor-slides-wrapper div:not(.swiper-slide)>.swiper-slide-inner{display:none}@media (max-width:767px){.elementor-slides .swiper-slide-inner{padding:30px}.elementor-slides .swiper-slide-inner .elementor-slide-heading{font-size:23px;line-height:1;margin-bottom:15px}.elementor-slides .swiper-slide-inner .elementor-slide-description{font-size:13px;line-height:1.4;margin-bottom:15px}}<\/style>\t\t<div class=\"elementor-swiper\">\n\t\t\t<div class=\"elementor-slides-wrapper elementor-main-swiper swiper\" dir=\"ltr\" data-animation=\"fadeInUp\">\n\t\t\t\t<div class=\"swiper-wrapper elementor-slides\">\n\t\t\t\t\t\t\t\t\t\t<div class=\"elementor-repeater-item-0791455 swiper-slide\"><div class=\"swiper-slide-bg elementor-ken-burns elementor-ken-burns--in\" role=\"img\"><\/div><div class=\"swiper-slide-inner\" ><div class=\"swiper-slide-contents\"><\/div><\/div><\/div>\t\t\t\t<\/div>\n\t\t\t\t\t\t\t<\/div>\n\t\t<\/div>\n\t\t\t\t<\/div>\n\t\t\t\t<\/div>\n\t\t\t\t\t<\/div>\n\t\t<\/div>\n\t\t\t\t\t<\/div>\n\t\t<\/section>\n\t\t\t\t<section class=\"elementor-section elementor-top-section elementor-element elementor-element-e677cd5 animated-slow elementor-section-boxed elementor-section-height-default elementor-section-height-default elementor-invisible\" data-id=\"e677cd5\" data-element_type=\"section\" data-settings=\"{&quot;background_background&quot;:&quot;classic&quot;,&quot;animation&quot;:&quot;fadeInUp&quot;}\">\n\t\t\t\t\t\t<div class=\"elementor-container elementor-column-gap-wide\">\n\t\t\t\t\t<div class=\"elementor-column elementor-col-66 elementor-top-column elementor-element elementor-element-6457a9e1\" data-id=\"6457a9e1\" data-element_type=\"column\">\n\t\t\t<div class=\"elementor-widget-wrap elementor-element-populated\">\n\t\t\t\t\t\t<div class=\"elementor-element elementor-element-3df95e3 elementor-widget elementor-widget-text-editor\" data-id=\"3df95e3\" data-element_type=\"widget\" data-widget_type=\"text-editor.default\">\n\t\t\t\t<div class=\"elementor-widget-container\">\n\t\t\t\t\t\t\t<p>LES GAZ D\u00c9TECT\u00c9S<\/p>\n\t\t\t\t\t\t<\/div>\n\t\t\t\t<\/div>\n\t\t\t\t<div class=\"elementor-element elementor-element-05dd2b0 elementor-widget elementor-widget-text-editor\" data-id=\"05dd2b0\" data-element_type=\"widget\" data-widget_type=\"text-editor.default\">\n\t\t\t\t<div class=\"elementor-widget-container\">\n\t\t\t\t\t\t\t<h3>Nos instruments sont capables de mesurer la concentration des gaz suivants:<\/h3>\n<ul>\n<li>SO2<\/li>\n<li>CO2<\/li>\n<li>CO<\/li>\n<li>NO<\/li>\n<li>O2<\/li>\n<\/ul>\n<p>Il est \u00e9galement possible de d\u00e9tecter la temp\u00e9rature des fum\u00e9es.<\/p>\n\t\t\t\t\t\t<\/div>\n\t\t\t\t<\/div>\n\t\t\t\t<div class=\"elementor-element elementor-element-dbe7e2b elementor-widget elementor-widget-text-editor\" data-id=\"dbe7e2b\" data-element_type=\"widget\" data-widget_type=\"text-editor.default\">\n\t\t\t\t<div class=\"elementor-widget-container\">\n\t\t\t\t\t\t\t<p>\u00c9QUIPEMENT DISPONIBLE<\/p>\n\t\t\t\t\t\t<\/div>\n\t\t\t\t<\/div>\n\t\t\t\t<div class=\"elementor-element elementor-element-a246686 elementor-widget elementor-widget-text-editor\" data-id=\"a246686\" data-element_type=\"widget\" data-widget_type=\"text-editor.default\">\n\t\t\t\t<div class=\"elementor-widget-container\">\n\t\t\t\t\t\t\t<ul>\n<li>SEITRON CHEMIST 504S<\/li>\n<\/ul>\n\t\t\t\t\t\t<\/div>\n\t\t\t\t<\/div>\n\t\t\t\t\t<\/div>\n\t\t<\/div>\n\t\t\t\t<div class=\"elementor-column elementor-col-33 elementor-top-column elementor-element elementor-element-29c0423\" data-id=\"29c0423\" data-element_type=\"column\">\n\t\t\t<div class=\"elementor-widget-wrap elementor-element-populated\">\n\t\t\t\t\t\t<div class=\"elementor-element elementor-element-b860223 elementor-widget elementor-widget-image\" data-id=\"b860223\" data-element_type=\"widget\" data-widget_type=\"image.default\">\n\t\t\t\t<div class=\"elementor-widget-container\">\n\t\t\t<style>\/*! elementor - v3.20.0 - 26-03-2024 *\/\n.elementor-widget-image{text-align:center}.elementor-widget-image a{display:inline-block}.elementor-widget-image a img[src$=\".svg\"]{width:48px}.elementor-widget-image img{vertical-align:middle;display:inline-block}<\/style>\t\t\t\t\t\t\t\t\t\t<img fetchpriority=\"high\" decoding=\"async\" width=\"800\" height=\"840\" src=\"https:\/\/centrotest.com\/wp-content\/uploads\/2024\/07\/prodotti_1047_2.jpg\" class=\"attachment-large size-large wp-image-1626\" alt=\"\" srcset=\"https:\/\/centrotest.com\/wp-content\/uploads\/2024\/07\/prodotti_1047_2.jpg 800w, https:\/\/centrotest.com\/wp-content\/uploads\/2024\/07\/prodotti_1047_2-286x300.jpg 286w, https:\/\/centrotest.com\/wp-content\/uploads\/2024\/07\/prodotti_1047_2-768x806.jpg 768w\" sizes=\"(max-width: 800px) 100vw, 800px\" \/>\t\t\t\t\t\t\t\t\t\t\t\t\t<\/div>\n\t\t\t\t<\/div>\n\t\t\t\t<div class=\"elementor-element elementor-element-1d39eac elementor-widget elementor-widget-image\" data-id=\"1d39eac\" data-element_type=\"widget\" data-widget_type=\"image.default\">\n\t\t\t\t<div class=\"elementor-widget-container\">\n\t\t\t\t\t\t\t\t\t\t\t\t\t<img decoding=\"async\" width=\"656\" height=\"289\" src=\"https:\/\/centrotest.com\/wp-content\/uploads\/2024\/07\/t3435-caldaia-condensazione-canna.jpg\" class=\"attachment-large size-large wp-image-1629\" alt=\"\" srcset=\"https:\/\/centrotest.com\/wp-content\/uploads\/2024\/07\/t3435-caldaia-condensazione-canna.jpg 656w, https:\/\/centrotest.com\/wp-content\/uploads\/2024\/07\/t3435-caldaia-condensazione-canna-300x132.jpg 300w\" sizes=\"(max-width: 656px) 100vw, 656px\" \/>\t\t\t\t\t\t\t\t\t\t\t\t\t<\/div>\n\t\t\t\t<\/div>\n\t\t\t\t<div class=\"elementor-element elementor-element-9041da8 elementor-widget elementor-widget-image\" data-id=\"9041da8\" data-element_type=\"widget\" data-widget_type=\"image.default\">\n\t\t\t\t<div class=\"elementor-widget-container\">\n\t\t\t\t\t\t\t\t\t\t\t\t\t<img decoding=\"async\" width=\"700\" height=\"300\" src=\"https:\/\/centrotest.com\/wp-content\/uploads\/2024\/07\/fumo.png\" class=\"attachment-large size-large wp-image-1623\" alt=\"\" srcset=\"https:\/\/centrotest.com\/wp-content\/uploads\/2024\/07\/fumo.png 700w, https:\/\/centrotest.com\/wp-content\/uploads\/2024\/07\/fumo-300x129.png 300w\" sizes=\"(max-width: 700px) 100vw, 700px\" \/>\t\t\t\t\t\t\t\t\t\t\t\t\t<\/div>\n\t\t\t\t<\/div>\n\t\t\t\t\t<\/div>\n\t\t<\/div>\n\t\t\t\t\t<\/div>\n\t\t<\/section>\n\t\t\t\t<\/div>\n\t\t","protected":false},"excerpt":{"rendered":"<p>ANALYSE DES GAZ ET DES FUM\u00c9ES L&rsquo;ACTIVIT\u00c9 D&rsquo;ANALYSE A LIEU PRINCIPALEMENT DANS LES USINES O\u00d9 UN CONTR\u00d4LE P\u00c9RIODIQUE DES FUM\u00c9ES ET DES M\u00c9LANGES DE GAZ CONTENUS DANS LES TUYAUX EST REQUIS LES GAZ D\u00c9TECT\u00c9S Nos instruments sont capables de mesurer la concentration des gaz suivants: SO2 CO2 CO NO O2 Il est \u00e9galement possible de [&hellip;]<\/p>\n","protected":false},"author":2,"featured_media":0,"parent":1977,"menu_order":0,"comment_status":"closed","ping_status":"closed","template":"elementor_header_footer","meta":{"footnotes":""},"class_list":["post-1979","page","type-page","status-publish","hentry"],"yoast_head":"<!-- This site is optimized with the Yoast SEO plugin v22.2 - https:\/\/yoast.com\/wordpress\/plugins\/seo\/ -->\n<title>Analyse des gaz et des fum\u00e9es - CENTROTEST Terni<\/title>\n<meta name=\"robots\" content=\"index, follow, max-snippet:-1, max-image-preview:large, max-video-preview:-1\" \/>\n<link rel=\"canonical\" href=\"https:\/\/centrotest.com\/altri-tipi-di-prove\/controlli-non-distruttivi-altri-tipi-di-prove-analisi-dei-gas-e-dei-fumi\/\" \/>\n<meta property=\"og:locale\" content=\"fr_FR\" \/>\n<meta property=\"og:type\" content=\"article\" \/>\n<meta property=\"og:title\" content=\"Analyse des gaz et des fum\u00e9es - CENTROTEST Terni\" \/>\n<meta property=\"og:description\" content=\"ANALYSE DES GAZ ET DES FUM\u00c9ES L&rsquo;ACTIVIT\u00c9 D&rsquo;ANALYSE A LIEU PRINCIPALEMENT DANS LES USINES O\u00d9 UN CONTR\u00d4LE P\u00c9RIODIQUE DES FUM\u00c9ES ET DES M\u00c9LANGES DE GAZ CONTENUS DANS LES TUYAUX EST REQUIS LES GAZ D\u00c9TECT\u00c9S Nos instruments sont capables de mesurer la concentration des gaz suivants: SO2 CO2 CO NO O2 Il est \u00e9galement possible de [&hellip;]\" \/>\n<meta property=\"og:url\" content=\"https:\/\/centrotest.com\/altri-tipi-di-prove\/controlli-non-distruttivi-altri-tipi-di-prove-analisi-dei-gas-e-dei-fumi\/\" \/>\n<meta property=\"og:site_name\" content=\"CENTROTEST Terni\" \/>\n<meta property=\"article:modified_time\" content=\"2024-08-05T15:17:07+00:00\" \/>\n<meta property=\"og:image\" content=\"https:\/\/centrotest.com\/wp-content\/uploads\/2024\/07\/prodotti_1047_2.jpg\" \/>\n<meta name=\"twitter:card\" content=\"summary_large_image\" \/>\n<script type=\"application\/ld+json\" class=\"yoast-schema-graph\">{\"@context\":\"https:\/\/schema.org\",\"@graph\":[{\"@type\":\"WebPage\",\"@id\":\"https:\/\/centrotest.com\/altri-tipi-di-prove\/controlli-non-distruttivi-altri-tipi-di-prove-analisi-dei-gas-e-dei-fumi\/\",\"url\":\"https:\/\/centrotest.com\/altri-tipi-di-prove\/controlli-non-distruttivi-altri-tipi-di-prove-analisi-dei-gas-e-dei-fumi\/\",\"name\":\"Analyse des gaz et des fum\u00e9es - CENTROTEST Terni\",\"isPartOf\":{\"@id\":\"https:\/\/centrotest.com\/#website\"},\"primaryImageOfPage\":{\"@id\":\"https:\/\/centrotest.com\/altri-tipi-di-prove\/controlli-non-distruttivi-altri-tipi-di-prove-analisi-dei-gas-e-dei-fumi\/#primaryimage\"},\"image\":{\"@id\":\"https:\/\/centrotest.com\/altri-tipi-di-prove\/controlli-non-distruttivi-altri-tipi-di-prove-analisi-dei-gas-e-dei-fumi\/#primaryimage\"},\"thumbnailUrl\":\"https:\/\/centrotest.com\/wp-content\/uploads\/2024\/07\/prodotti_1047_2.jpg\",\"datePublished\":\"2024-07-26T13:48:36+00:00\",\"dateModified\":\"2024-08-05T15:17:07+00:00\",\"breadcrumb\":{\"@id\":\"https:\/\/centrotest.com\/altri-tipi-di-prove\/controlli-non-distruttivi-altri-tipi-di-prove-analisi-dei-gas-e-dei-fumi\/#breadcrumb\"},\"inLanguage\":\"fr-FR\",\"potentialAction\":[{\"@type\":\"ReadAction\",\"target\":[\"https:\/\/centrotest.com\/altri-tipi-di-prove\/controlli-non-distruttivi-altri-tipi-di-prove-analisi-dei-gas-e-dei-fumi\/\"]}]},{\"@type\":\"ImageObject\",\"inLanguage\":\"fr-FR\",\"@id\":\"https:\/\/centrotest.com\/altri-tipi-di-prove\/controlli-non-distruttivi-altri-tipi-di-prove-analisi-dei-gas-e-dei-fumi\/#primaryimage\",\"url\":\"https:\/\/centrotest.com\/wp-content\/uploads\/2024\/07\/prodotti_1047_2.jpg\",\"contentUrl\":\"https:\/\/centrotest.com\/wp-content\/uploads\/2024\/07\/prodotti_1047_2.jpg\",\"width\":800,\"height\":840},{\"@type\":\"BreadcrumbList\",\"@id\":\"https:\/\/centrotest.com\/altri-tipi-di-prove\/controlli-non-distruttivi-altri-tipi-di-prove-analisi-dei-gas-e-dei-fumi\/#breadcrumb\",\"itemListElement\":[{\"@type\":\"ListItem\",\"position\":1,\"name\":\"Home\",\"item\":\"https:\/\/centrotest.com\/\"},{\"@type\":\"ListItem\",\"position\":2,\"name\":\"Autres essais non destructifs\",\"item\":\"https:\/\/centrotest.com\/altri-tipi-di-prove\/\"},{\"@type\":\"ListItem\",\"position\":3,\"name\":\"Analyse des gaz et des fum\u00e9es\"}]},{\"@type\":\"WebSite\",\"@id\":\"https:\/\/centrotest.com\/#website\",\"url\":\"https:\/\/centrotest.com\/\",\"name\":\"CENTROTEST Terni\",\"description\":\"controlli non distruttivi e dimensionali in tutta italia\",\"publisher\":{\"@id\":\"https:\/\/centrotest.com\/#organization\"},\"potentialAction\":[{\"@type\":\"SearchAction\",\"target\":{\"@type\":\"EntryPoint\",\"urlTemplate\":\"https:\/\/centrotest.com\/?s={search_term_string}\"},\"query-input\":\"required name=search_term_string\"}],\"inLanguage\":\"fr-FR\"},{\"@type\":\"Organization\",\"@id\":\"https:\/\/centrotest.com\/#organization\",\"name\":\"CENTROTEST Terni\",\"url\":\"https:\/\/centrotest.com\/\",\"logo\":{\"@type\":\"ImageObject\",\"inLanguage\":\"fr-FR\",\"@id\":\"https:\/\/centrotest.com\/#\/schema\/logo\/image\/\",\"url\":\"https:\/\/centrotest.com\/wp-content\/uploads\/2024\/03\/LOGO-BIANCO-1.png\",\"contentUrl\":\"https:\/\/centrotest.com\/wp-content\/uploads\/2024\/03\/LOGO-BIANCO-1.png\",\"width\":1006,\"height\":206,\"caption\":\"CENTROTEST Terni\"},\"image\":{\"@id\":\"https:\/\/centrotest.com\/#\/schema\/logo\/image\/\"}}]}<\/script>\n<!-- \/ Yoast SEO plugin. -->","yoast_head_json":{"title":"Analyse des gaz et des fum\u00e9es - CENTROTEST Terni","robots":{"index":"index","follow":"follow","max-snippet":"max-snippet:-1","max-image-preview":"max-image-preview:large","max-video-preview":"max-video-preview:-1"},"canonical":"https:\/\/centrotest.com\/altri-tipi-di-prove\/controlli-non-distruttivi-altri-tipi-di-prove-analisi-dei-gas-e-dei-fumi\/","og_locale":"fr_FR","og_type":"article","og_title":"Analyse des gaz et des fum\u00e9es - CENTROTEST Terni","og_description":"ANALYSE DES GAZ ET DES FUM\u00c9ES L&rsquo;ACTIVIT\u00c9 D&rsquo;ANALYSE A LIEU PRINCIPALEMENT DANS LES USINES O\u00d9 UN CONTR\u00d4LE P\u00c9RIODIQUE DES FUM\u00c9ES ET DES M\u00c9LANGES DE GAZ CONTENUS DANS LES TUYAUX EST REQUIS LES GAZ D\u00c9TECT\u00c9S Nos instruments sont capables de mesurer la concentration des gaz suivants: SO2 CO2 CO NO O2 Il est \u00e9galement possible de [&hellip;]","og_url":"https:\/\/centrotest.com\/altri-tipi-di-prove\/controlli-non-distruttivi-altri-tipi-di-prove-analisi-dei-gas-e-dei-fumi\/","og_site_name":"CENTROTEST Terni","article_modified_time":"2024-08-05T15:17:07+00:00","og_image":[{"url":"https:\/\/centrotest.com\/wp-content\/uploads\/2024\/07\/prodotti_1047_2.jpg"}],"twitter_card":"summary_large_image","schema":{"@context":"https:\/\/schema.org","@graph":[{"@type":"WebPage","@id":"https:\/\/centrotest.com\/altri-tipi-di-prove\/controlli-non-distruttivi-altri-tipi-di-prove-analisi-dei-gas-e-dei-fumi\/","url":"https:\/\/centrotest.com\/altri-tipi-di-prove\/controlli-non-distruttivi-altri-tipi-di-prove-analisi-dei-gas-e-dei-fumi\/","name":"Analyse des gaz et des fum\u00e9es - CENTROTEST Terni","isPartOf":{"@id":"https:\/\/centrotest.com\/#website"},"primaryImageOfPage":{"@id":"https:\/\/centrotest.com\/altri-tipi-di-prove\/controlli-non-distruttivi-altri-tipi-di-prove-analisi-dei-gas-e-dei-fumi\/#primaryimage"},"image":{"@id":"https:\/\/centrotest.com\/altri-tipi-di-prove\/controlli-non-distruttivi-altri-tipi-di-prove-analisi-dei-gas-e-dei-fumi\/#primaryimage"},"thumbnailUrl":"https:\/\/centrotest.com\/wp-content\/uploads\/2024\/07\/prodotti_1047_2.jpg","datePublished":"2024-07-26T13:48:36+00:00","dateModified":"2024-08-05T15:17:07+00:00","breadcrumb":{"@id":"https:\/\/centrotest.com\/altri-tipi-di-prove\/controlli-non-distruttivi-altri-tipi-di-prove-analisi-dei-gas-e-dei-fumi\/#breadcrumb"},"inLanguage":"fr-FR","potentialAction":[{"@type":"ReadAction","target":["https:\/\/centrotest.com\/altri-tipi-di-prove\/controlli-non-distruttivi-altri-tipi-di-prove-analisi-dei-gas-e-dei-fumi\/"]}]},{"@type":"ImageObject","inLanguage":"fr-FR","@id":"https:\/\/centrotest.com\/altri-tipi-di-prove\/controlli-non-distruttivi-altri-tipi-di-prove-analisi-dei-gas-e-dei-fumi\/#primaryimage","url":"https:\/\/centrotest.com\/wp-content\/uploads\/2024\/07\/prodotti_1047_2.jpg","contentUrl":"https:\/\/centrotest.com\/wp-content\/uploads\/2024\/07\/prodotti_1047_2.jpg","width":800,"height":840},{"@type":"BreadcrumbList","@id":"https:\/\/centrotest.com\/altri-tipi-di-prove\/controlli-non-distruttivi-altri-tipi-di-prove-analisi-dei-gas-e-dei-fumi\/#breadcrumb","itemListElement":[{"@type":"ListItem","position":1,"name":"Home","item":"https:\/\/centrotest.com\/"},{"@type":"ListItem","position":2,"name":"Autres essais non destructifs","item":"https:\/\/centrotest.com\/altri-tipi-di-prove\/"},{"@type":"ListItem","position":3,"name":"Analyse des gaz et des fum\u00e9es"}]},{"@type":"WebSite","@id":"https:\/\/centrotest.com\/#website","url":"https:\/\/centrotest.com\/","name":"CENTROTEST Terni","description":"controlli non distruttivi e dimensionali in tutta italia","publisher":{"@id":"https:\/\/centrotest.com\/#organization"},"potentialAction":[{"@type":"SearchAction","target":{"@type":"EntryPoint","urlTemplate":"https:\/\/centrotest.com\/?s={search_term_string}"},"query-input":"required name=search_term_string"}],"inLanguage":"fr-FR"},{"@type":"Organization","@id":"https:\/\/centrotest.com\/#organization","name":"CENTROTEST Terni","url":"https:\/\/centrotest.com\/","logo":{"@type":"ImageObject","inLanguage":"fr-FR","@id":"https:\/\/centrotest.com\/#\/schema\/logo\/image\/","url":"https:\/\/centrotest.com\/wp-content\/uploads\/2024\/03\/LOGO-BIANCO-1.png","contentUrl":"https:\/\/centrotest.com\/wp-content\/uploads\/2024\/03\/LOGO-BIANCO-1.png","width":1006,"height":206,"caption":"CENTROTEST Terni"},"image":{"@id":"https:\/\/centrotest.com\/#\/schema\/logo\/image\/"}}]}},"_links":{"self":[{"href":"https:\/\/centrotest.com\/fr\/wp-json\/wp\/v2\/pages\/1979","targetHints":{"allow":["GET"]}}],"collection":[{"href":"https:\/\/centrotest.com\/fr\/wp-json\/wp\/v2\/pages"}],"about":[{"href":"https:\/\/centrotest.com\/fr\/wp-json\/wp\/v2\/types\/page"}],"author":[{"embeddable":true,"href":"https:\/\/centrotest.com\/fr\/wp-json\/wp\/v2\/users\/2"}],"replies":[{"embeddable":true,"href":"https:\/\/centrotest.com\/fr\/wp-json\/wp\/v2\/comments?post=1979"}],"version-history":[{"count":1,"href":"https:\/\/centrotest.com\/fr\/wp-json\/wp\/v2\/pages\/1979\/revisions"}],"predecessor-version":[{"id":1980,"href":"https:\/\/centrotest.com\/fr\/wp-json\/wp\/v2\/pages\/1979\/revisions\/1980"}],"up":[{"embeddable":true,"href":"https:\/\/centrotest.com\/fr\/wp-json\/wp\/v2\/pages\/1977"}],"wp:attachment":[{"href":"https:\/\/centrotest.com\/fr\/wp-json\/wp\/v2\/media?parent=1979"}],"curies":[{"name":"wp","href":"https:\/\/api.w.org\/{rel}","templated":true}]}}